{"id":25635,"date":"2023-04-12T16:39:01","date_gmt":"2023-04-12T13:39:01","guid":{"rendered":"https:\/\/eutech.com.tr\/?page_id=25635"},"modified":"2023-05-26T09:55:16","modified_gmt":"2023-05-26T06:55:16","slug":"gunes-enerji-santrali","status":"publish","type":"page","link":"https:\/\/eutech.com.tr\/en\/faaliyet-alanlarimiz\/yenilenebilir-enerji\/gunes-enerji-santrali\/","title":{"rendered":"Solar Power Plant"},"content":{"rendered":"<div data-elementor-type=\"wp-page\" data-elementor-id=\"25635\" class=\"elementor elementor-25635\">\n\t\t\t\t\t\t<div class=\"elementor-inner\">\n\t\t\t\t<div class=\"elementor-section-wrap\">\n\t\t\t\t\t\t\t\t\t<section class=\"elementor-section elementor-top-section elementor-element elementor-element-c4bbc78 elementor-section-boxed elementor-section-height-default elementor-section-height-default\" data-id=\"c4bbc78\" data-element_type=\"section\">\n\t\t\t\t\t\t<div class=\"elementor-container elementor-column-gap-thegem\">\n\t\t\t\t\t\t\t<div class=\"elementor-row\">\n\t\t\t\t\t<div class=\"elementor-column elementor-col-100 elementor-top-column elementor-element elementor-element-f81258c\" data-id=\"f81258c\" data-element_type=\"column\" data-settings=\"{&quot;background_background&quot;:&quot;classic&quot;}\">\n\t\t\t<div class=\"elementor-column-wrap elementor-element-populated\">\n\t\t\t\t\t\t\t<div class=\"elementor-widget-wrap\">\n\t\t\t\t\t\t<div class=\"elementor-element elementor-element-7e7a1bd8 flex-horizontal-align-default flex-horizontal-align-tablet-default flex-horizontal-align-mobile-default flex-vertical-align-default flex-vertical-align-tablet-default flex-vertical-align-mobile-default elementor-widget elementor-widget-text-editor\" data-id=\"7e7a1bd8\" data-element_type=\"widget\" data-widget_type=\"text-editor.default\">\n\t\t\t\t<div class=\"elementor-widget-container\">\n\t\t\t<style>\/*! elementor - v3.12.1 - 02-04-2023 *\/\n.elementor-widget-text-editor.elementor-drop-cap-view-stacked .elementor-drop-cap{background-color:#69727d;color:#fff}.elementor-widget-text-editor.elementor-drop-cap-view-framed .elementor-drop-cap{color:#69727d;border:3px solid;background-color:transparent}.elementor-widget-text-editor:not(.elementor-drop-cap-view-default) .elementor-drop-cap{margin-top:8px}.elementor-widget-text-editor:not(.elementor-drop-cap-view-default) .elementor-drop-cap-letter{width:1em;height:1em}.elementor-widget-text-editor .elementor-drop-cap{float:left;text-align:center;line-height:1;font-size:50px}.elementor-widget-text-editor .elementor-drop-cap-letter{display:inline-block}<\/style>\t\t\t\t\t<div class=\"elementor-text-editor elementor-clearfix\">\n\t\t\t\t<p>We build turnkey solar power plants based on the project and feedback list we have prepared for your facility with preliminary discovery and consumption data we have made. Apart from reducing the post-installation energy cost, we also help your business in terms of price stability and carbon border tax policies.<\/p>\t\t\t\t\t<\/div>\n\t\t\t\t\t\t<\/div>\n\t\t\t\t<\/div>\n\t\t\t\t\t\t<\/div>\n\t\t\t\t\t<\/div>\n\t\t<\/div>\n\t\t\t\t\t\t\t\t<\/div>\n\t\t\t\t\t<\/div>\n\t\t<\/section>\n\t\t\t\t<section class=\"elementor-section elementor-top-section elementor-element elementor-element-75b871e elementor-section-boxed elementor-section-height-default elementor-section-height-default\" data-id=\"75b871e\" data-element_type=\"section\">\n\t\t\t\t\t\t<div class=\"elementor-container elementor-column-gap-thegem\">\n\t\t\t\t\t\t\t<div class=\"elementor-row\">\n\t\t\t\t\t<div class=\"elementor-column elementor-col-100 elementor-top-column elementor-element elementor-element-504b6bf5\" data-id=\"504b6bf5\" data-element_type=\"column\">\n\t\t\t<div class=\"elementor-column-wrap elementor-element-populated\">\n\t\t\t\t\t\t\t<div class=\"elementor-widget-wrap\">\n\t\t\t\t\t\t<div class=\"elementor-element elementor-element-3cf3e18d flex-horizontal-align-default flex-horizontal-align-tablet-default flex-horizontal-align-mobile-default flex-vertical-align-default flex-vertical-align-tablet-default flex-vertical-align-mobile-default elementor-widget elementor-widget-thegem-gallery-slider\" data-id=\"3cf3e18d\" data-element_type=\"widget\" data-widget_type=\"thegem-gallery-slider.default\">\n\t\t\t\t<div class=\"elementor-widget-container\">\n\t\t\t\n\t\t<div class=\"preloader\">\n\t\t\t<div class=\"preloader-spin\"><\/div>\n\t\t<\/div>\n\t\t<div class=\"gem-gallery gem-gallery-hover-zooming-blur\">\n\t\t\t\t\t\t\t\n<div class=\"gem-gallery-item\">\n\t<div class=\"gem-gallery-item-image\">\n\t\t<a href=\"https:\/\/eutech.com.tr\/wp-content\/uploads\/2023\/05\/Gunes-Enerji-1-thegem-gallery-sidebar.jpg\"\n\t\t   data-elementor-open-lightbox=\"no\"\n\t\t   data-fancybox=\"gallery-69f29a57a2720\">\n\t\t\t<svg width=\"20\" height=\"10\">\n\t\t\t\t<path d=\"M 0,10 Q 9,9 10,0 Q 11,9 20,10\"\/>\n\t\t\t<\/svg>\n\t\t\t<img decoding=\"async\" src=\"https:\/\/eutech.com.tr\/wp-content\/uploads\/2023\/05\/Gunes-Enerji-1-thegem-post-thumb-small.jpg\"\n\t\t\t\t alt=\"Gunes-Enerji-1\" class=\"img-responsive\">\n\t\t\t<span class=\"gem-gallery-caption slide-info\">\n\t\t\t\t<span class=\"gem-gallery-item-title\">\n\t\t\t\t\t\t\t\t\t<\/span>\n\t\t\t\t<span class=\"gem-gallery-item-description\">\n\t\t\t\t\t\t\t\t\t<\/span>\n\t\t\t<\/span>\n\t\t\t\t\t\t\t\t<\/a>\n\t<\/div>\n<\/div>\n\n\t\t\t\t\t\t\t\t\t\t\t\n<div class=\"gem-gallery-item\">\n\t<div class=\"gem-gallery-item-image\">\n\t\t<a href=\"https:\/\/eutech.com.tr\/wp-content\/uploads\/2023\/05\/Gunes-Enerji-2-thegem-gallery-sidebar.jpg\"\n\t\t   data-elementor-open-lightbox=\"no\"\n\t\t   data-fancybox=\"gallery-69f29a57a2720\">\n\t\t\t<svg width=\"20\" height=\"10\">\n\t\t\t\t<path d=\"M 0,10 Q 9,9 10,0 Q 11,9 20,10\"\/>\n\t\t\t<\/svg>\n\t\t\t<img decoding=\"async\" src=\"https:\/\/eutech.com.tr\/wp-content\/uploads\/2023\/05\/Gunes-Enerji-2-thegem-post-thumb-small.jpg\"\n\t\t\t\t alt=\"Gunes-Enerji-2\" class=\"img-responsive\">\n\t\t\t<span class=\"gem-gallery-caption slide-info\">\n\t\t\t\t<span class=\"gem-gallery-item-title\">\n\t\t\t\t\t\t\t\t\t<\/span>\n\t\t\t\t<span class=\"gem-gallery-item-description\">\n\t\t\t\t\t\t\t\t\t<\/span>\n\t\t\t<\/span>\n\t\t\t\t\t\t\t\t<\/a>\n\t<\/div>\n<\/div>\n\n\t\t\t\t\t\t\t\t\t\t\t\n<div class=\"gem-gallery-item\">\n\t<div class=\"gem-gallery-item-image\">\n\t\t<a href=\"https:\/\/eutech.com.tr\/wp-content\/uploads\/2023\/05\/Gunes-Enerji-3-thegem-gallery-sidebar.jpg\"\n\t\t   data-elementor-open-lightbox=\"no\"\n\t\t   data-fancybox=\"gallery-69f29a57a2720\">\n\t\t\t<svg width=\"20\" height=\"10\">\n\t\t\t\t<path d=\"M 0,10 Q 9,9 10,0 Q 11,9 20,10\"\/>\n\t\t\t<\/svg>\n\t\t\t<img decoding=\"async\" src=\"https:\/\/eutech.com.tr\/wp-content\/uploads\/2023\/05\/Gunes-Enerji-3-thegem-post-thumb-small.jpg\"\n\t\t\t\t alt=\"Gunes-Enerji-3\" class=\"img-responsive\">\n\t\t\t<span class=\"gem-gallery-caption slide-info\">\n\t\t\t\t<span class=\"gem-gallery-item-title\">\n\t\t\t\t\t\t\t\t\t<\/span>\n\t\t\t\t<span class=\"gem-gallery-item-description\">\n\t\t\t\t\t\t\t\t\t<\/span>\n\t\t\t<\/span>\n\t\t\t\t\t\t\t\t<\/a>\n\t<\/div>\n<\/div>\n\n\t\t\t\t\t\t\t\t\t\t\t\n<div class=\"gem-gallery-item\">\n\t<div class=\"gem-gallery-item-image\">\n\t\t<a href=\"https:\/\/eutech.com.tr\/wp-content\/uploads\/2023\/05\/Gunes-Enerji-4-thegem-gallery-sidebar.jpg\"\n\t\t   data-elementor-open-lightbox=\"no\"\n\t\t   data-fancybox=\"gallery-69f29a57a2720\">\n\t\t\t<svg width=\"20\" height=\"10\">\n\t\t\t\t<path d=\"M 0,10 Q 9,9 10,0 Q 11,9 20,10\"\/>\n\t\t\t<\/svg>\n\t\t\t<img decoding=\"async\" src=\"https:\/\/eutech.com.tr\/wp-content\/uploads\/2023\/05\/Gunes-Enerji-4-thegem-post-thumb-small.jpg\"\n\t\t\t\t alt=\"Gunes-Enerji-4\" class=\"img-responsive\">\n\t\t\t<span class=\"gem-gallery-caption slide-info\">\n\t\t\t\t<span class=\"gem-gallery-item-title\">\n\t\t\t\t\t\t\t\t\t<\/span>\n\t\t\t\t<span class=\"gem-gallery-item-description\">\n\t\t\t\t\t\t\t\t\t<\/span>\n\t\t\t<\/span>\n\t\t\t\t\t\t\t\t<\/a>\n\t<\/div>\n<\/div>\n\n\t\t\t\t\t\t\t\t\t\t\t\n<div class=\"gem-gallery-item\">\n\t<div class=\"gem-gallery-item-image\">\n\t\t<a href=\"https:\/\/eutech.com.tr\/wp-content\/uploads\/2023\/05\/Gunes-Enerji-5-thegem-gallery-sidebar.jpg\"\n\t\t   data-elementor-open-lightbox=\"no\"\n\t\t   data-fancybox=\"gallery-69f29a57a2720\">\n\t\t\t<svg width=\"20\" height=\"10\">\n\t\t\t\t<path d=\"M 0,10 Q 9,9 10,0 Q 11,9 20,10\"\/>\n\t\t\t<\/svg>\n\t\t\t<img decoding=\"async\" src=\"https:\/\/eutech.com.tr\/wp-content\/uploads\/2023\/05\/Gunes-Enerji-5-thegem-post-thumb-small.jpg\"\n\t\t\t\t alt=\"Gunes-Enerji-5\" class=\"img-responsive\">\n\t\t\t<span class=\"gem-gallery-caption slide-info\">\n\t\t\t\t<span class=\"gem-gallery-item-title\">\n\t\t\t\t\t\t\t\t\t<\/span>\n\t\t\t\t<span class=\"gem-gallery-item-description\">\n\t\t\t\t\t\t\t\t\t<\/span>\n\t\t\t<\/span>\n\t\t\t\t\t\t\t\t<\/a>\n\t<\/div>\n<\/div>\n\n\t\t\t\t\t\t\t\t\t<\/div>\n\t\t\t\t<\/div>\n\t\t\t\t<\/div>\n\t\t\t\t\t\t<\/div>\n\t\t\t\t\t<\/div>\n\t\t<\/div>\n\t\t\t\t\t\t\t\t<\/div>\n\t\t\t\t\t<\/div>\n\t\t<\/section>\n\t\t\t\t\t\t\t\t\t<\/div>\n\t\t\t<\/div>\n\t\t\t\t\t<\/div>","protected":false},"excerpt":{"rendered":"<p>Yapt\u0131\u011f\u0131m\u0131z \u00f6n ke\u015fif ve t\u00fcketim verileriyle tesisinize \u00f6zel haz\u0131rlad\u0131\u011f\u0131m\u0131z proje ve geri d\u00f6n\u00fc\u015f tablosunu baz alarak anahtar teslim g\u00fcne\u015f enerji&#8230;<\/p>","protected":false},"author":1,"featured_media":0,"parent":25564,"menu_order":0,"comment_status":"closed","ping_status":"closed","template":"","meta":{"om_disable_all_campaigns":false},"aioseo_notices":[],"yoast_head":"<!-- This site is optimized with the Yoast SEO plugin v20.7 - https:\/\/yoast.com\/wordpress\/plugins\/seo\/ -->\n<title>G\u00fcne\u015f Enerji Santrali - Eutech<\/title>\n<meta name=\"robots\" content=\"index, follow, max-snippet:-1, max-image-preview:large, max-video-preview:-1\" \/>\n<link rel=\"canonical\" href=\"https:\/\/eutech.com.tr\/en\/faaliyet-alanlarimiz\/yenilenebilir-enerji\/gunes-enerji-santrali\/\" \/>\n<meta property=\"og:locale\" content=\"en_GB\" \/>\n<meta property=\"og:type\" content=\"article\" \/>\n<meta property=\"og:title\" content=\"G\u00fcne\u015f Enerji Santrali - Eutech\" \/>\n<meta property=\"og:description\" content=\"Yapt\u0131\u011f\u0131m\u0131z \u00f6n ke\u015fif ve t\u00fcketim verileriyle tesisinize \u00f6zel haz\u0131rlad\u0131\u011f\u0131m\u0131z proje ve geri d\u00f6n\u00fc\u015f tablosunu baz alarak anahtar teslim g\u00fcne\u015f enerji...\" \/>\n<meta property=\"og:url\" content=\"https:\/\/eutech.com.tr\/en\/faaliyet-alanlarimiz\/yenilenebilir-enerji\/gunes-enerji-santrali\/\" \/>\n<meta property=\"og:site_name\" content=\"Eutech\" \/>\n<meta property=\"article:modified_time\" content=\"2023-05-26T06:55:16+00:00\" \/>\n<meta property=\"og:image\" content=\"https:\/\/eutech.com.tr\/wp-content\/uploads\/2023\/05\/Gunes-Enerji-1-thegem-post-thumb-small.jpg\" \/>\n<meta name=\"twitter:card\" content=\"summary_large_image\" \/>\n<script type=\"application\/ld+json\" class=\"yoast-schema-graph\">{\"@context\":\"https:\/\/schema.org\",\"@graph\":[{\"@type\":\"WebPage\",\"@id\":\"https:\/\/eutech.com.tr\/faaliyet-alanlarimiz\/yenilenebilir-enerji\/gunes-enerji-santrali\/\",\"url\":\"https:\/\/eutech.com.tr\/faaliyet-alanlarimiz\/yenilenebilir-enerji\/gunes-enerji-santrali\/\",\"name\":\"G\u00fcne\u015f Enerji Santrali - Eutech\",\"isPartOf\":{\"@id\":\"https:\/\/eutech.com.tr\/#website\"},\"datePublished\":\"2023-04-12T13:39:01+00:00\",\"dateModified\":\"2023-05-26T06:55:16+00:00\",\"breadcrumb\":{\"@id\":\"https:\/\/eutech.com.tr\/faaliyet-alanlarimiz\/yenilenebilir-enerji\/gunes-enerji-santrali\/#breadcrumb\"},\"inLanguage\":\"en-GB\",\"potentialAction\":[{\"@type\":\"ReadAction\",\"target\":[\"https:\/\/eutech.com.tr\/faaliyet-alanlarimiz\/yenilenebilir-enerji\/gunes-enerji-santrali\/\"]}]},{\"@type\":\"BreadcrumbList\",\"@id\":\"https:\/\/eutech.com.tr\/faaliyet-alanlarimiz\/yenilenebilir-enerji\/gunes-enerji-santrali\/#breadcrumb\",\"itemListElement\":[{\"@type\":\"ListItem\",\"position\":1,\"name\":\"Home\",\"item\":\"https:\/\/eutech.com.tr\/\"},{\"@type\":\"ListItem\",\"position\":2,\"name\":\"Faaliyet Alanlar\u0131m\u0131z\",\"item\":\"https:\/\/eutech.com.tr\/faaliyet-alanlarimiz\/\"},{\"@type\":\"ListItem\",\"position\":3,\"name\":\"Yenilenebilir Enerji\",\"item\":\"https:\/\/eutech.com.tr\/faaliyet-alanlarimiz\/yenilenebilir-enerji\/\"},{\"@type\":\"ListItem\",\"position\":4,\"name\":\"G\u00fcne\u015f Enerji Santrali\"}]},{\"@type\":\"WebSite\",\"@id\":\"https:\/\/eutech.com.tr\/#website\",\"url\":\"https:\/\/eutech.com.tr\/\",\"name\":\"Eutech\",\"description\":\"Intelligent Future\",\"publisher\":{\"@id\":\"https:\/\/eutech.com.tr\/#organization\"},\"potentialAction\":[{\"@type\":\"SearchAction\",\"target\":{\"@type\":\"EntryPoint\",\"urlTemplate\":\"https:\/\/eutech.com.tr\/?s={search_term_string}\"},\"query-input\":\"required name=search_term_string\"}],\"inLanguage\":\"en-GB\"},{\"@type\":\"Organization\",\"@id\":\"https:\/\/eutech.com.tr\/#organization\",\"name\":\"Eutech\",\"url\":\"https:\/\/eutech.com.tr\/\",\"logo\":{\"@type\":\"ImageObject\",\"inLanguage\":\"en-GB\",\"@id\":\"https:\/\/eutech.com.tr\/#\/schema\/logo\/image\/\",\"url\":\"https:\/\/eutech.com.tr\/wp-content\/uploads\/2023\/04\/eutech-logo.png\",\"contentUrl\":\"https:\/\/eutech.com.tr\/wp-content\/uploads\/2023\/04\/eutech-logo.png\",\"width\":328,\"height\":125,\"caption\":\"Eutech\"},\"image\":{\"@id\":\"https:\/\/eutech.com.tr\/#\/schema\/logo\/image\/\"},\"sameAs\":[\"https:\/\/www.instagram.com\/eutech.com.tr\/\",\"https:\/\/www.linkedin.com\/company\/eutech-intelligent-future\/\"]}]}<\/script>\n<!-- \/ Yoast SEO plugin. -->","yoast_head_json":{"title":"G\u00fcne\u015f Enerji Santrali - Eutech","robots":{"index":"index","follow":"follow","max-snippet":"max-snippet:-1","max-image-preview":"max-image-preview:large","max-video-preview":"max-video-preview:-1"},"canonical":"https:\/\/eutech.com.tr\/en\/faaliyet-alanlarimiz\/yenilenebilir-enerji\/gunes-enerji-santrali\/","og_locale":"en_GB","og_type":"article","og_title":"G\u00fcne\u015f Enerji Santrali - Eutech","og_description":"Yapt\u0131\u011f\u0131m\u0131z \u00f6n ke\u015fif ve t\u00fcketim verileriyle tesisinize \u00f6zel haz\u0131rlad\u0131\u011f\u0131m\u0131z proje ve geri d\u00f6n\u00fc\u015f tablosunu baz alarak anahtar teslim g\u00fcne\u015f enerji...","og_url":"https:\/\/eutech.com.tr\/en\/faaliyet-alanlarimiz\/yenilenebilir-enerji\/gunes-enerji-santrali\/","og_site_name":"Eutech","article_modified_time":"2023-05-26T06:55:16+00:00","og_image":[{"url":"https:\/\/eutech.com.tr\/wp-content\/uploads\/2023\/05\/Gunes-Enerji-1-thegem-post-thumb-small.jpg"}],"twitter_card":"summary_large_image","schema":{"@context":"https:\/\/schema.org","@graph":[{"@type":"WebPage","@id":"https:\/\/eutech.com.tr\/faaliyet-alanlarimiz\/yenilenebilir-enerji\/gunes-enerji-santrali\/","url":"https:\/\/eutech.com.tr\/faaliyet-alanlarimiz\/yenilenebilir-enerji\/gunes-enerji-santrali\/","name":"G\u00fcne\u015f Enerji Santrali - Eutech","isPartOf":{"@id":"https:\/\/eutech.com.tr\/#website"},"datePublished":"2023-04-12T13:39:01+00:00","dateModified":"2023-05-26T06:55:16+00:00","breadcrumb":{"@id":"https:\/\/eutech.com.tr\/faaliyet-alanlarimiz\/yenilenebilir-enerji\/gunes-enerji-santrali\/#breadcrumb"},"inLanguage":"en-GB","potentialAction":[{"@type":"ReadAction","target":["https:\/\/eutech.com.tr\/faaliyet-alanlarimiz\/yenilenebilir-enerji\/gunes-enerji-santrali\/"]}]},{"@type":"BreadcrumbList","@id":"https:\/\/eutech.com.tr\/faaliyet-alanlarimiz\/yenilenebilir-enerji\/gunes-enerji-santrali\/#breadcrumb","itemListElement":[{"@type":"ListItem","position":1,"name":"Home","item":"https:\/\/eutech.com.tr\/"},{"@type":"ListItem","position":2,"name":"Faaliyet Alanlar\u0131m\u0131z","item":"https:\/\/eutech.com.tr\/faaliyet-alanlarimiz\/"},{"@type":"ListItem","position":3,"name":"Yenilenebilir Enerji","item":"https:\/\/eutech.com.tr\/faaliyet-alanlarimiz\/yenilenebilir-enerji\/"},{"@type":"ListItem","position":4,"name":"G\u00fcne\u015f Enerji Santrali"}]},{"@type":"WebSite","@id":"https:\/\/eutech.com.tr\/#website","url":"https:\/\/eutech.com.tr\/","name":"Eutech","description":"Intelligent Future","publisher":{"@id":"https:\/\/eutech.com.tr\/#organization"},"potentialAction":[{"@type":"SearchAction","target":{"@type":"EntryPoint","urlTemplate":"https:\/\/eutech.com.tr\/?s={search_term_string}"},"query-input":"required name=search_term_string"}],"inLanguage":"en-GB"},{"@type":"Organization","@id":"https:\/\/eutech.com.tr\/#organization","name":"Eutech","url":"https:\/\/eutech.com.tr\/","logo":{"@type":"ImageObject","inLanguage":"en-GB","@id":"https:\/\/eutech.com.tr\/#\/schema\/logo\/image\/","url":"https:\/\/eutech.com.tr\/wp-content\/uploads\/2023\/04\/eutech-logo.png","contentUrl":"https:\/\/eutech.com.tr\/wp-content\/uploads\/2023\/04\/eutech-logo.png","width":328,"height":125,"caption":"Eutech"},"image":{"@id":"https:\/\/eutech.com.tr\/#\/schema\/logo\/image\/"},"sameAs":["https:\/\/www.instagram.com\/eutech.com.tr\/","https:\/\/www.linkedin.com\/company\/eutech-intelligent-future\/"]}]}},"_links":{"self":[{"href":"https:\/\/eutech.com.tr\/en\/wp-json\/wp\/v2\/pages\/25635"}],"collection":[{"href":"https:\/\/eutech.com.tr\/en\/wp-json\/wp\/v2\/pages"}],"about":[{"href":"https:\/\/eutech.com.tr\/en\/wp-json\/wp\/v2\/types\/page"}],"author":[{"embeddable":true,"href":"https:\/\/eutech.com.tr\/en\/wp-json\/wp\/v2\/users\/1"}],"replies":[{"embeddable":true,"href":"https:\/\/eutech.com.tr\/en\/wp-json\/wp\/v2\/comments?post=25635"}],"version-history":[{"count":0,"href":"https:\/\/eutech.com.tr\/en\/wp-json\/wp\/v2\/pages\/25635\/revisions"}],"up":[{"embeddable":true,"href":"https:\/\/eutech.com.tr\/en\/wp-json\/wp\/v2\/pages\/25564"}],"wp:attachment":[{"href":"https:\/\/eutech.com.tr\/en\/wp-json\/wp\/v2\/media?parent=25635"}],"curies":[{"name":"wp","href":"https:\/\/api.w.org\/{rel}","templated":true}]}}