{"id":25579,"date":"2023-04-12T16:08:55","date_gmt":"2023-04-12T13:08:55","guid":{"rendered":"https:\/\/eutech.com.tr\/?page_id=25579"},"modified":"2023-05-26T09:54:14","modified_gmt":"2023-05-26T06:54:14","slug":"pano-tedarigi","status":"publish","type":"page","link":"https:\/\/eutech.com.tr\/en\/faaliyet-alanlarimiz\/dogalgaz\/pano-tedarigi\/","title":{"rendered":"Panel Supply Support"},"content":{"rendered":"<div data-elementor-type=\"wp-page\" data-elementor-id=\"25579\" class=\"elementor elementor-25579\">\n\t\t\t\t\t\t<div class=\"elementor-inner\">\n\t\t\t\t<div class=\"elementor-section-wrap\">\n\t\t\t\t\t\t\t\t\t<section class=\"elementor-section elementor-top-section elementor-element elementor-element-6498c43 elementor-section-boxed elementor-section-height-default elementor-section-height-default\" data-id=\"6498c43\" data-element_type=\"section\" data-settings=\"{&quot;background_background&quot;:&quot;classic&quot;}\">\n\t\t\t\t\t\t<div class=\"elementor-container elementor-column-gap-thegem\">\n\t\t\t\t\t\t\t<div class=\"elementor-row\">\n\t\t\t\t\t<div class=\"elementor-column elementor-col-100 elementor-top-column elementor-element elementor-element-7a81795\" data-id=\"7a81795\" data-element_type=\"column\" data-settings=\"{&quot;background_background&quot;:&quot;classic&quot;}\">\n\t\t\t<div class=\"elementor-column-wrap elementor-element-populated\">\n\t\t\t\t\t\t\t<div class=\"elementor-widget-wrap\">\n\t\t\t\t\t\t<div class=\"elementor-element elementor-element-1bdfeab1 flex-horizontal-align-default flex-horizontal-align-tablet-default flex-horizontal-align-mobile-default flex-vertical-align-default flex-vertical-align-tablet-default flex-vertical-align-mobile-default elementor-widget elementor-widget-text-editor\" data-id=\"1bdfeab1\" data-element_type=\"widget\" data-widget_type=\"text-editor.default\">\n\t\t\t\t<div class=\"elementor-widget-container\">\n\t\t\t<style>\/*! elementor - v3.12.1 - 02-04-2023 *\/\n.elementor-widget-text-editor.elementor-drop-cap-view-stacked .elementor-drop-cap{background-color:#69727d;color:#fff}.elementor-widget-text-editor.elementor-drop-cap-view-framed .elementor-drop-cap{color:#69727d;border:3px solid;background-color:transparent}.elementor-widget-text-editor:not(.elementor-drop-cap-view-default) .elementor-drop-cap{margin-top:8px}.elementor-widget-text-editor:not(.elementor-drop-cap-view-default) .elementor-drop-cap-letter{width:1em;height:1em}.elementor-widget-text-editor .elementor-drop-cap{float:left;text-align:center;line-height:1;font-size:50px}.elementor-widget-text-editor .elementor-drop-cap-letter{display:inline-block}<\/style>\t\t\t\t\t<div class=\"elementor-text-editor elementor-clearfix\">\n\t\t\t\t<p>We supply industry-specific panels in accordance with the needs of BOTA\u015e and Natural Gas Distribution companies. We turn the advantage of being based in Istanbul, our supply power and manufacturing in-house into competitive prices. Despite the competition, we do not compromise on quality and the brands we use. Thanks to our field and commissioning experience in the industry, we carry out the most accurate projects and production by understanding the needs of the customer.<\/p>\t\t\t\t\t<\/div>\n\t\t\t\t\t\t<\/div>\n\t\t\t\t<\/div>\n\t\t\t\t\t\t<\/div>\n\t\t\t\t\t<\/div>\n\t\t<\/div>\n\t\t\t\t\t\t\t\t<\/div>\n\t\t\t\t\t<\/div>\n\t\t<\/section>\n\t\t\t\t<section class=\"elementor-section elementor-top-section elementor-element elementor-element-758aa739 elementor-section-boxed elementor-section-height-default elementor-section-height-default\" data-id=\"758aa739\" data-element_type=\"section\">\n\t\t\t\t\t\t<div class=\"elementor-container elementor-column-gap-thegem\">\n\t\t\t\t\t\t\t<div class=\"elementor-row\">\n\t\t\t\t\t<div class=\"elementor-column elementor-col-100 elementor-top-column elementor-element elementor-element-7063172c\" data-id=\"7063172c\" data-element_type=\"column\">\n\t\t\t<div class=\"elementor-column-wrap elementor-element-populated\">\n\t\t\t\t\t\t\t<div class=\"elementor-widget-wrap\">\n\t\t\t\t\t\t<div class=\"elementor-element elementor-element-3d744652 flex-horizontal-align-default flex-horizontal-align-tablet-default flex-horizontal-align-mobile-default flex-vertical-align-default flex-vertical-align-tablet-default flex-vertical-align-mobile-default elementor-widget elementor-widget-thegem-gallery-slider\" data-id=\"3d744652\" data-element_type=\"widget\" data-widget_type=\"thegem-gallery-slider.default\">\n\t\t\t\t<div class=\"elementor-widget-container\">\n\t\t\t\n\t\t<div class=\"preloader\">\n\t\t\t<div class=\"preloader-spin\"><\/div>\n\t\t<\/div>\n\t\t<div class=\"gem-gallery gem-gallery-hover-zooming-blur\">\n\t\t\t\t\t\t\t\n<div class=\"gem-gallery-item\">\n\t<div class=\"gem-gallery-item-image\">\n\t\t<a href=\"https:\/\/eutech.com.tr\/wp-content\/uploads\/2023\/05\/Pano-Tedarigi-1-thegem-gallery-sidebar.jpg\"\n\t\t   data-elementor-open-lightbox=\"no\"\n\t\t   data-fancybox=\"gallery-69f297c71ed45\">\n\t\t\t<svg width=\"20\" height=\"10\">\n\t\t\t\t<path d=\"M 0,10 Q 9,9 10,0 Q 11,9 20,10\"\/>\n\t\t\t<\/svg>\n\t\t\t<img decoding=\"async\" src=\"https:\/\/eutech.com.tr\/wp-content\/uploads\/2023\/05\/Pano-Tedarigi-1-thegem-post-thumb-small.jpg\"\n\t\t\t\t alt=\"Pano-Tedarigi-1\" class=\"img-responsive\">\n\t\t\t<span class=\"gem-gallery-caption slide-info\">\n\t\t\t\t<span class=\"gem-gallery-item-title\">\n\t\t\t\t\t\t\t\t\t<\/span>\n\t\t\t\t<span class=\"gem-gallery-item-description\">\n\t\t\t\t\t\t\t\t\t<\/span>\n\t\t\t<\/span>\n\t\t\t\t\t\t\t\t<\/a>\n\t<\/div>\n<\/div>\n\n\t\t\t\t\t\t\t\t\t\t\t\n<div class=\"gem-gallery-item\">\n\t<div class=\"gem-gallery-item-image\">\n\t\t<a href=\"https:\/\/eutech.com.tr\/wp-content\/uploads\/2023\/05\/Pano-Tedarigi-2-thegem-gallery-sidebar.jpg\"\n\t\t   data-elementor-open-lightbox=\"no\"\n\t\t   data-fancybox=\"gallery-69f297c71ed45\">\n\t\t\t<svg width=\"20\" height=\"10\">\n\t\t\t\t<path d=\"M 0,10 Q 9,9 10,0 Q 11,9 20,10\"\/>\n\t\t\t<\/svg>\n\t\t\t<img decoding=\"async\" src=\"https:\/\/eutech.com.tr\/wp-content\/uploads\/2023\/05\/Pano-Tedarigi-2-thegem-post-thumb-small.jpg\"\n\t\t\t\t alt=\"Pano-Tedarigi-2\" class=\"img-responsive\">\n\t\t\t<span class=\"gem-gallery-caption slide-info\">\n\t\t\t\t<span class=\"gem-gallery-item-title\">\n\t\t\t\t\t\t\t\t\t<\/span>\n\t\t\t\t<span class=\"gem-gallery-item-description\">\n\t\t\t\t\t\t\t\t\t<\/span>\n\t\t\t<\/span>\n\t\t\t\t\t\t\t\t<\/a>\n\t<\/div>\n<\/div>\n\n\t\t\t\t\t\t\t\t\t\t\t\n<div class=\"gem-gallery-item\">\n\t<div class=\"gem-gallery-item-image\">\n\t\t<a href=\"https:\/\/eutech.com.tr\/wp-content\/uploads\/2023\/05\/Pano-Tedarigi-3-thegem-gallery-sidebar.jpg\"\n\t\t   data-elementor-open-lightbox=\"no\"\n\t\t   data-fancybox=\"gallery-69f297c71ed45\">\n\t\t\t<svg width=\"20\" height=\"10\">\n\t\t\t\t<path d=\"M 0,10 Q 9,9 10,0 Q 11,9 20,10\"\/>\n\t\t\t<\/svg>\n\t\t\t<img decoding=\"async\" src=\"https:\/\/eutech.com.tr\/wp-content\/uploads\/2023\/05\/Pano-Tedarigi-3-thegem-post-thumb-small.jpg\"\n\t\t\t\t alt=\"Pano-Tedarigi-3\" class=\"img-responsive\">\n\t\t\t<span class=\"gem-gallery-caption slide-info\">\n\t\t\t\t<span class=\"gem-gallery-item-title\">\n\t\t\t\t\t\t\t\t\t<\/span>\n\t\t\t\t<span class=\"gem-gallery-item-description\">\n\t\t\t\t\t\t\t\t\t<\/span>\n\t\t\t<\/span>\n\t\t\t\t\t\t\t\t<\/a>\n\t<\/div>\n<\/div>\n\n\t\t\t\t\t\t\t\t\t\t\t\n<div class=\"gem-gallery-item\">\n\t<div class=\"gem-gallery-item-image\">\n\t\t<a href=\"https:\/\/eutech.com.tr\/wp-content\/uploads\/2023\/05\/Pano-Tedarigi-4-thegem-gallery-sidebar.jpg\"\n\t\t   data-elementor-open-lightbox=\"no\"\n\t\t   data-fancybox=\"gallery-69f297c71ed45\">\n\t\t\t<svg width=\"20\" height=\"10\">\n\t\t\t\t<path d=\"M 0,10 Q 9,9 10,0 Q 11,9 20,10\"\/>\n\t\t\t<\/svg>\n\t\t\t<img decoding=\"async\" src=\"https:\/\/eutech.com.tr\/wp-content\/uploads\/2023\/05\/Pano-Tedarigi-4-thegem-post-thumb-small.jpg\"\n\t\t\t\t alt=\"Pano-Tedarigi-4\" class=\"img-responsive\">\n\t\t\t<span class=\"gem-gallery-caption slide-info\">\n\t\t\t\t<span class=\"gem-gallery-item-title\">\n\t\t\t\t\t\t\t\t\t<\/span>\n\t\t\t\t<span class=\"gem-gallery-item-description\">\n\t\t\t\t\t\t\t\t\t<\/span>\n\t\t\t<\/span>\n\t\t\t\t\t\t\t\t<\/a>\n\t<\/div>\n<\/div>\n\n\t\t\t\t\t\t\t\t\t\t\t\n<div class=\"gem-gallery-item\">\n\t<div class=\"gem-gallery-item-image\">\n\t\t<a href=\"https:\/\/eutech.com.tr\/wp-content\/uploads\/2023\/05\/Pano-Tedarigi-5-thegem-gallery-sidebar.jpg\"\n\t\t   data-elementor-open-lightbox=\"no\"\n\t\t   data-fancybox=\"gallery-69f297c71ed45\">\n\t\t\t<svg width=\"20\" height=\"10\">\n\t\t\t\t<path d=\"M 0,10 Q 9,9 10,0 Q 11,9 20,10\"\/>\n\t\t\t<\/svg>\n\t\t\t<img decoding=\"async\" src=\"https:\/\/eutech.com.tr\/wp-content\/uploads\/2023\/05\/Pano-Tedarigi-5-thegem-post-thumb-small.jpg\"\n\t\t\t\t alt=\"Pano-Tedarigi-5\" class=\"img-responsive\">\n\t\t\t<span class=\"gem-gallery-caption slide-info\">\n\t\t\t\t<span class=\"gem-gallery-item-title\">\n\t\t\t\t\t\t\t\t\t<\/span>\n\t\t\t\t<span class=\"gem-gallery-item-description\">\n\t\t\t\t\t\t\t\t\t<\/span>\n\t\t\t<\/span>\n\t\t\t\t\t\t\t\t<\/a>\n\t<\/div>\n<\/div>\n\n\t\t\t\t\t\t\t\t\t\t\t\n<div class=\"gem-gallery-item\">\n\t<div class=\"gem-gallery-item-image\">\n\t\t<a href=\"https:\/\/eutech.com.tr\/wp-content\/uploads\/2023\/05\/Pano-Tedarigi-6-thegem-gallery-sidebar.jpg\"\n\t\t   data-elementor-open-lightbox=\"no\"\n\t\t   data-fancybox=\"gallery-69f297c71ed45\">\n\t\t\t<svg width=\"20\" height=\"10\">\n\t\t\t\t<path d=\"M 0,10 Q 9,9 10,0 Q 11,9 20,10\"\/>\n\t\t\t<\/svg>\n\t\t\t<img decoding=\"async\" src=\"https:\/\/eutech.com.tr\/wp-content\/uploads\/2023\/05\/Pano-Tedarigi-6-thegem-post-thumb-small.jpg\"\n\t\t\t\t alt=\"Pano-Tedarigi-6\" class=\"img-responsive\">\n\t\t\t<span class=\"gem-gallery-caption slide-info\">\n\t\t\t\t<span class=\"gem-gallery-item-title\">\n\t\t\t\t\t\t\t\t\t<\/span>\n\t\t\t\t<span class=\"gem-gallery-item-description\">\n\t\t\t\t\t\t\t\t\t<\/span>\n\t\t\t<\/span>\n\t\t\t\t\t\t\t\t<\/a>\n\t<\/div>\n<\/div>\n\n\t\t\t\t\t\t\t\t\t\t\t\n<div class=\"gem-gallery-item\">\n\t<div class=\"gem-gallery-item-image\">\n\t\t<a href=\"https:\/\/eutech.com.tr\/wp-content\/uploads\/2023\/05\/Pano-Tedarigi-7-thegem-gallery-sidebar.jpg\"\n\t\t   data-elementor-open-lightbox=\"no\"\n\t\t   data-fancybox=\"gallery-69f297c71ed45\">\n\t\t\t<svg width=\"20\" height=\"10\">\n\t\t\t\t<path d=\"M 0,10 Q 9,9 10,0 Q 11,9 20,10\"\/>\n\t\t\t<\/svg>\n\t\t\t<img decoding=\"async\" src=\"https:\/\/eutech.com.tr\/wp-content\/uploads\/2023\/05\/Pano-Tedarigi-7-thegem-post-thumb-small.jpg\"\n\t\t\t\t alt=\"Pano-Tedarigi-7\" class=\"img-responsive\">\n\t\t\t<span class=\"gem-gallery-caption slide-info\">\n\t\t\t\t<span class=\"gem-gallery-item-title\">\n\t\t\t\t\t\t\t\t\t<\/span>\n\t\t\t\t<span class=\"gem-gallery-item-description\">\n\t\t\t\t\t\t\t\t\t<\/span>\n\t\t\t<\/span>\n\t\t\t\t\t\t\t\t<\/a>\n\t<\/div>\n<\/div>\n\n\t\t\t\t\t\t\t\t\t\t\t\n<div class=\"gem-gallery-item\">\n\t<div class=\"gem-gallery-item-image\">\n\t\t<a href=\"https:\/\/eutech.com.tr\/wp-content\/uploads\/2023\/05\/Pano-Tedarigi-8-thegem-gallery-sidebar.jpg\"\n\t\t   data-elementor-open-lightbox=\"no\"\n\t\t   data-fancybox=\"gallery-69f297c71ed45\">\n\t\t\t<svg width=\"20\" height=\"10\">\n\t\t\t\t<path d=\"M 0,10 Q 9,9 10,0 Q 11,9 20,10\"\/>\n\t\t\t<\/svg>\n\t\t\t<img decoding=\"async\" src=\"https:\/\/eutech.com.tr\/wp-content\/uploads\/2023\/05\/Pano-Tedarigi-8-thegem-post-thumb-small.jpg\"\n\t\t\t\t alt=\"Pano-Tedarigi-8\" class=\"img-responsive\">\n\t\t\t<span class=\"gem-gallery-caption slide-info\">\n\t\t\t\t<span class=\"gem-gallery-item-title\">\n\t\t\t\t\t\t\t\t\t<\/span>\n\t\t\t\t<span class=\"gem-gallery-item-description\">\n\t\t\t\t\t\t\t\t\t<\/span>\n\t\t\t<\/span>\n\t\t\t\t\t\t\t\t<\/a>\n\t<\/div>\n<\/div>\n\n\t\t\t\t\t\t\t\t\t\t\t\n<div class=\"gem-gallery-item\">\n\t<div class=\"gem-gallery-item-image\">\n\t\t<a href=\"https:\/\/eutech.com.tr\/wp-content\/uploads\/2023\/05\/Pano-Tedarigi-9-thegem-gallery-sidebar.jpg\"\n\t\t   data-elementor-open-lightbox=\"no\"\n\t\t   data-fancybox=\"gallery-69f297c71ed45\">\n\t\t\t<svg width=\"20\" height=\"10\">\n\t\t\t\t<path d=\"M 0,10 Q 9,9 10,0 Q 11,9 20,10\"\/>\n\t\t\t<\/svg>\n\t\t\t<img decoding=\"async\" src=\"https:\/\/eutech.com.tr\/wp-content\/uploads\/2023\/05\/Pano-Tedarigi-9-thegem-post-thumb-small.jpg\"\n\t\t\t\t alt=\"Pano-Tedarigi-9\" class=\"img-responsive\">\n\t\t\t<span class=\"gem-gallery-caption slide-info\">\n\t\t\t\t<span class=\"gem-gallery-item-title\">\n\t\t\t\t\t\t\t\t\t<\/span>\n\t\t\t\t<span class=\"gem-gallery-item-description\">\n\t\t\t\t\t\t\t\t\t<\/span>\n\t\t\t<\/span>\n\t\t\t\t\t\t\t\t<\/a>\n\t<\/div>\n<\/div>\n\n\t\t\t\t\t\t\t\t\t\t\t\n<div class=\"gem-gallery-item\">\n\t<div class=\"gem-gallery-item-image\">\n\t\t<a href=\"https:\/\/eutech.com.tr\/wp-content\/uploads\/2023\/05\/Pano-Tedarigi-10-thegem-gallery-sidebar.jpg\"\n\t\t   data-elementor-open-lightbox=\"no\"\n\t\t   data-fancybox=\"gallery-69f297c71ed45\">\n\t\t\t<svg width=\"20\" height=\"10\">\n\t\t\t\t<path d=\"M 0,10 Q 9,9 10,0 Q 11,9 20,10\"\/>\n\t\t\t<\/svg>\n\t\t\t<img decoding=\"async\" src=\"https:\/\/eutech.com.tr\/wp-content\/uploads\/2023\/05\/Pano-Tedarigi-10-thegem-post-thumb-small.jpg\"\n\t\t\t\t alt=\"Pano-Tedarigi-10\" class=\"img-responsive\">\n\t\t\t<span class=\"gem-gallery-caption slide-info\">\n\t\t\t\t<span class=\"gem-gallery-item-title\">\n\t\t\t\t\t\t\t\t\t<\/span>\n\t\t\t\t<span class=\"gem-gallery-item-description\">\n\t\t\t\t\t\t\t\t\t<\/span>\n\t\t\t<\/span>\n\t\t\t\t\t\t\t\t<\/a>\n\t<\/div>\n<\/div>\n\n\t\t\t\t\t\t\t\t\t\t\t\n<div class=\"gem-gallery-item\">\n\t<div class=\"gem-gallery-item-image\">\n\t\t<a href=\"https:\/\/eutech.com.tr\/wp-content\/uploads\/2023\/05\/Pano-Tedarigi-11-thegem-gallery-sidebar.jpg\"\n\t\t   data-elementor-open-lightbox=\"no\"\n\t\t   data-fancybox=\"gallery-69f297c71ed45\">\n\t\t\t<svg width=\"20\" height=\"10\">\n\t\t\t\t<path d=\"M 0,10 Q 9,9 10,0 Q 11,9 20,10\"\/>\n\t\t\t<\/svg>\n\t\t\t<img decoding=\"async\" src=\"https:\/\/eutech.com.tr\/wp-content\/uploads\/2023\/05\/Pano-Tedarigi-11-thegem-post-thumb-small.jpg\"\n\t\t\t\t alt=\"Pano-Tedarigi-11\" class=\"img-responsive\">\n\t\t\t<span class=\"gem-gallery-caption slide-info\">\n\t\t\t\t<span class=\"gem-gallery-item-title\">\n\t\t\t\t\t\t\t\t\t<\/span>\n\t\t\t\t<span class=\"gem-gallery-item-description\">\n\t\t\t\t\t\t\t\t\t<\/span>\n\t\t\t<\/span>\n\t\t\t\t\t\t\t\t<\/a>\n\t<\/div>\n<\/div>\n\n\t\t\t\t\t\t\t\t\t\t\t\n<div class=\"gem-gallery-item\">\n\t<div class=\"gem-gallery-item-image\">\n\t\t<a href=\"https:\/\/eutech.com.tr\/wp-content\/uploads\/2023\/05\/Pano-Tedarigi-12-thegem-gallery-sidebar.jpg\"\n\t\t   data-elementor-open-lightbox=\"no\"\n\t\t   data-fancybox=\"gallery-69f297c71ed45\">\n\t\t\t<svg width=\"20\" height=\"10\">\n\t\t\t\t<path d=\"M 0,10 Q 9,9 10,0 Q 11,9 20,10\"\/>\n\t\t\t<\/svg>\n\t\t\t<img decoding=\"async\" src=\"https:\/\/eutech.com.tr\/wp-content\/uploads\/2023\/05\/Pano-Tedarigi-12-thegem-post-thumb-small.jpg\"\n\t\t\t\t alt=\"Pano-Tedarigi-12\" class=\"img-responsive\">\n\t\t\t<span class=\"gem-gallery-caption slide-info\">\n\t\t\t\t<span class=\"gem-gallery-item-title\">\n\t\t\t\t\t\t\t\t\t<\/span>\n\t\t\t\t<span class=\"gem-gallery-item-description\">\n\t\t\t\t\t\t\t\t\t<\/span>\n\t\t\t<\/span>\n\t\t\t\t\t\t\t\t<\/a>\n\t<\/div>\n<\/div>\n\n\t\t\t\t\t\t\t\t\t\t\t\n<div class=\"gem-gallery-item\">\n\t<div class=\"gem-gallery-item-image\">\n\t\t<a href=\"https:\/\/eutech.com.tr\/wp-content\/uploads\/2023\/05\/Pano-Tedarigi-13-thegem-gallery-sidebar.jpg\"\n\t\t   data-elementor-open-lightbox=\"no\"\n\t\t   data-fancybox=\"gallery-69f297c71ed45\">\n\t\t\t<svg width=\"20\" height=\"10\">\n\t\t\t\t<path d=\"M 0,10 Q 9,9 10,0 Q 11,9 20,10\"\/>\n\t\t\t<\/svg>\n\t\t\t<img decoding=\"async\" src=\"https:\/\/eutech.com.tr\/wp-content\/uploads\/2023\/05\/Pano-Tedarigi-13-thegem-post-thumb-small.jpg\"\n\t\t\t\t alt=\"Pano-Tedarigi-13\" class=\"img-responsive\">\n\t\t\t<span class=\"gem-gallery-caption slide-info\">\n\t\t\t\t<span class=\"gem-gallery-item-title\">\n\t\t\t\t\t\t\t\t\t<\/span>\n\t\t\t\t<span class=\"gem-gallery-item-description\">\n\t\t\t\t\t\t\t\t\t<\/span>\n\t\t\t<\/span>\n\t\t\t\t\t\t\t\t<\/a>\n\t<\/div>\n<\/div>\n\n\t\t\t\t\t\t\t\t\t\t\t\n<div class=\"gem-gallery-item\">\n\t<div class=\"gem-gallery-item-image\">\n\t\t<a href=\"https:\/\/eutech.com.tr\/wp-content\/uploads\/2023\/05\/Pano-Tedarigi-14-thegem-gallery-sidebar.jpg\"\n\t\t   data-elementor-open-lightbox=\"no\"\n\t\t   data-fancybox=\"gallery-69f297c71ed45\">\n\t\t\t<svg width=\"20\" height=\"10\">\n\t\t\t\t<path d=\"M 0,10 Q 9,9 10,0 Q 11,9 20,10\"\/>\n\t\t\t<\/svg>\n\t\t\t<img decoding=\"async\" src=\"https:\/\/eutech.com.tr\/wp-content\/uploads\/2023\/05\/Pano-Tedarigi-14-thegem-post-thumb-small.jpg\"\n\t\t\t\t alt=\"Pano-Tedarigi-14\" class=\"img-responsive\">\n\t\t\t<span class=\"gem-gallery-caption slide-info\">\n\t\t\t\t<span class=\"gem-gallery-item-title\">\n\t\t\t\t\t\t\t\t\t<\/span>\n\t\t\t\t<span class=\"gem-gallery-item-description\">\n\t\t\t\t\t\t\t\t\t<\/span>\n\t\t\t<\/span>\n\t\t\t\t\t\t\t\t<\/a>\n\t<\/div>\n<\/div>\n\n\t\t\t\t\t\t\t\t\t\t\t\n<div class=\"gem-gallery-item\">\n\t<div class=\"gem-gallery-item-image\">\n\t\t<a href=\"https:\/\/eutech.com.tr\/wp-content\/uploads\/2023\/05\/Pano-Tedarigi-15-thegem-gallery-sidebar.jpg\"\n\t\t   data-elementor-open-lightbox=\"no\"\n\t\t   data-fancybox=\"gallery-69f297c71ed45\">\n\t\t\t<svg width=\"20\" height=\"10\">\n\t\t\t\t<path d=\"M 0,10 Q 9,9 10,0 Q 11,9 20,10\"\/>\n\t\t\t<\/svg>\n\t\t\t<img decoding=\"async\" src=\"https:\/\/eutech.com.tr\/wp-content\/uploads\/2023\/05\/Pano-Tedarigi-15-thegem-post-thumb-small.jpg\"\n\t\t\t\t alt=\"Pano-Tedarigi-15\" class=\"img-responsive\">\n\t\t\t<span class=\"gem-gallery-caption slide-info\">\n\t\t\t\t<span class=\"gem-gallery-item-title\">\n\t\t\t\t\t\t\t\t\t<\/span>\n\t\t\t\t<span class=\"gem-gallery-item-description\">\n\t\t\t\t\t\t\t\t\t<\/span>\n\t\t\t<\/span>\n\t\t\t\t\t\t\t\t<\/a>\n\t<\/div>\n<\/div>\n\n\t\t\t\t\t\t\t\t\t\t\t\n<div class=\"gem-gallery-item\">\n\t<div class=\"gem-gallery-item-image\">\n\t\t<a href=\"https:\/\/eutech.com.tr\/wp-content\/uploads\/2023\/05\/Pano-Tedarigi-16-thegem-gallery-sidebar.jpg\"\n\t\t   data-elementor-open-lightbox=\"no\"\n\t\t   data-fancybox=\"gallery-69f297c71ed45\">\n\t\t\t<svg width=\"20\" height=\"10\">\n\t\t\t\t<path d=\"M 0,10 Q 9,9 10,0 Q 11,9 20,10\"\/>\n\t\t\t<\/svg>\n\t\t\t<img decoding=\"async\" src=\"https:\/\/eutech.com.tr\/wp-content\/uploads\/2023\/05\/Pano-Tedarigi-16-thegem-post-thumb-small.jpg\"\n\t\t\t\t alt=\"Pano-Tedarigi-16\" class=\"img-responsive\">\n\t\t\t<span class=\"gem-gallery-caption slide-info\">\n\t\t\t\t<span class=\"gem-gallery-item-title\">\n\t\t\t\t\t\t\t\t\t<\/span>\n\t\t\t\t<span class=\"gem-gallery-item-description\">\n\t\t\t\t\t\t\t\t\t<\/span>\n\t\t\t<\/span>\n\t\t\t\t\t\t\t\t<\/a>\n\t<\/div>\n<\/div>\n\n\t\t\t\t\t\t\t\t\t<\/div>\n\t\t\t\t<\/div>\n\t\t\t\t<\/div>\n\t\t\t\t\t\t<\/div>\n\t\t\t\t\t<\/div>\n\t\t<\/div>\n\t\t\t\t\t\t\t\t<\/div>\n\t\t\t\t\t<\/div>\n\t\t<\/section>\n\t\t\t\t\t\t\t\t\t<\/div>\n\t\t\t<\/div>\n\t\t\t\t\t<\/div>","protected":false},"excerpt":{"rendered":"<p>BOTA\u015e ve Do\u011falgaz Da\u011f\u0131t\u0131m \u015eirketlerinin ihtiya\u00e7lar\u0131 do\u011frultusunda sekt\u00f6rel bazda pano tedari\u011fi sa\u011fl\u0131yoruz. \u0130stanbul merkezli olman\u0131n, tedarik g\u00fcc\u00fcm\u00fcz\u00fcn ve kendi b\u00fcnyemizde&#8230;<\/p>","protected":false},"author":1,"featured_media":0,"parent":24153,"menu_order":0,"comment_status":"closed","ping_status":"closed","template":"","meta":{"om_disable_all_campaigns":false},"aioseo_notices":[],"yoast_head":"<!-- This site is optimized with the Yoast SEO plugin v20.7 - https:\/\/yoast.com\/wordpress\/plugins\/seo\/ -->\n<title>Pano Tedari\u011fi - Eutech<\/title>\n<meta name=\"robots\" content=\"index, follow, max-snippet:-1, max-image-preview:large, max-video-preview:-1\" \/>\n<link rel=\"canonical\" href=\"https:\/\/eutech.com.tr\/en\/faaliyet-alanlarimiz\/dogalgaz\/pano-tedarigi\/\" \/>\n<meta property=\"og:locale\" content=\"en_GB\" \/>\n<meta property=\"og:type\" content=\"article\" \/>\n<meta property=\"og:title\" content=\"Pano Tedari\u011fi - Eutech\" \/>\n<meta property=\"og:description\" content=\"BOTA\u015e ve Do\u011falgaz Da\u011f\u0131t\u0131m \u015eirketlerinin ihtiya\u00e7lar\u0131 do\u011frultusunda sekt\u00f6rel bazda pano tedari\u011fi sa\u011fl\u0131yoruz. \u0130stanbul merkezli olman\u0131n, tedarik g\u00fcc\u00fcm\u00fcz\u00fcn ve kendi b\u00fcnyemizde...\" \/>\n<meta property=\"og:url\" content=\"https:\/\/eutech.com.tr\/en\/faaliyet-alanlarimiz\/dogalgaz\/pano-tedarigi\/\" \/>\n<meta property=\"og:site_name\" content=\"Eutech\" \/>\n<meta property=\"article:modified_time\" content=\"2023-05-26T06:54:14+00:00\" \/>\n<meta property=\"og:image\" content=\"https:\/\/eutech.com.tr\/wp-content\/uploads\/2023\/05\/Pano-Tedarigi-1-thegem-post-thumb-small.jpg\" \/>\n<meta name=\"twitter:card\" content=\"summary_large_image\" \/>\n<script type=\"application\/ld+json\" class=\"yoast-schema-graph\">{\"@context\":\"https:\/\/schema.org\",\"@graph\":[{\"@type\":\"WebPage\",\"@id\":\"https:\/\/eutech.com.tr\/faaliyet-alanlarimiz\/dogalgaz\/pano-tedarigi\/\",\"url\":\"https:\/\/eutech.com.tr\/faaliyet-alanlarimiz\/dogalgaz\/pano-tedarigi\/\",\"name\":\"Pano Tedari\u011fi - Eutech\",\"isPartOf\":{\"@id\":\"https:\/\/eutech.com.tr\/#website\"},\"datePublished\":\"2023-04-12T13:08:55+00:00\",\"dateModified\":\"2023-05-26T06:54:14+00:00\",\"breadcrumb\":{\"@id\":\"https:\/\/eutech.com.tr\/faaliyet-alanlarimiz\/dogalgaz\/pano-tedarigi\/#breadcrumb\"},\"inLanguage\":\"en-GB\",\"potentialAction\":[{\"@type\":\"ReadAction\",\"target\":[\"https:\/\/eutech.com.tr\/faaliyet-alanlarimiz\/dogalgaz\/pano-tedarigi\/\"]}]},{\"@type\":\"BreadcrumbList\",\"@id\":\"https:\/\/eutech.com.tr\/faaliyet-alanlarimiz\/dogalgaz\/pano-tedarigi\/#breadcrumb\",\"itemListElement\":[{\"@type\":\"ListItem\",\"position\":1,\"name\":\"Home\",\"item\":\"https:\/\/eutech.com.tr\/\"},{\"@type\":\"ListItem\",\"position\":2,\"name\":\"Faaliyet Alanlar\u0131m\u0131z\",\"item\":\"https:\/\/eutech.com.tr\/faaliyet-alanlarimiz\/\"},{\"@type\":\"ListItem\",\"position\":3,\"name\":\"Do\u011falgaz\",\"item\":\"https:\/\/eutech.com.tr\/faaliyet-alanlarimiz\/dogalgaz\/\"},{\"@type\":\"ListItem\",\"position\":4,\"name\":\"Pano Tedari\u011fi\"}]},{\"@type\":\"WebSite\",\"@id\":\"https:\/\/eutech.com.tr\/#website\",\"url\":\"https:\/\/eutech.com.tr\/\",\"name\":\"Eutech\",\"description\":\"Intelligent Future\",\"publisher\":{\"@id\":\"https:\/\/eutech.com.tr\/#organization\"},\"potentialAction\":[{\"@type\":\"SearchAction\",\"target\":{\"@type\":\"EntryPoint\",\"urlTemplate\":\"https:\/\/eutech.com.tr\/?s={search_term_string}\"},\"query-input\":\"required name=search_term_string\"}],\"inLanguage\":\"en-GB\"},{\"@type\":\"Organization\",\"@id\":\"https:\/\/eutech.com.tr\/#organization\",\"name\":\"Eutech\",\"url\":\"https:\/\/eutech.com.tr\/\",\"logo\":{\"@type\":\"ImageObject\",\"inLanguage\":\"en-GB\",\"@id\":\"https:\/\/eutech.com.tr\/#\/schema\/logo\/image\/\",\"url\":\"https:\/\/eutech.com.tr\/wp-content\/uploads\/2023\/04\/eutech-logo.png\",\"contentUrl\":\"https:\/\/eutech.com.tr\/wp-content\/uploads\/2023\/04\/eutech-logo.png\",\"width\":328,\"height\":125,\"caption\":\"Eutech\"},\"image\":{\"@id\":\"https:\/\/eutech.com.tr\/#\/schema\/logo\/image\/\"},\"sameAs\":[\"https:\/\/www.instagram.com\/eutech.com.tr\/\",\"https:\/\/www.linkedin.com\/company\/eutech-intelligent-future\/\"]}]}<\/script>\n<!-- \/ Yoast SEO plugin. -->","yoast_head_json":{"title":"Pano Tedari\u011fi - Eutech","robots":{"index":"index","follow":"follow","max-snippet":"max-snippet:-1","max-image-preview":"max-image-preview:large","max-video-preview":"max-video-preview:-1"},"canonical":"https:\/\/eutech.com.tr\/en\/faaliyet-alanlarimiz\/dogalgaz\/pano-tedarigi\/","og_locale":"en_GB","og_type":"article","og_title":"Pano Tedari\u011fi - Eutech","og_description":"BOTA\u015e ve Do\u011falgaz Da\u011f\u0131t\u0131m \u015eirketlerinin ihtiya\u00e7lar\u0131 do\u011frultusunda sekt\u00f6rel bazda pano tedari\u011fi sa\u011fl\u0131yoruz. \u0130stanbul merkezli olman\u0131n, tedarik g\u00fcc\u00fcm\u00fcz\u00fcn ve kendi b\u00fcnyemizde...","og_url":"https:\/\/eutech.com.tr\/en\/faaliyet-alanlarimiz\/dogalgaz\/pano-tedarigi\/","og_site_name":"Eutech","article_modified_time":"2023-05-26T06:54:14+00:00","og_image":[{"url":"https:\/\/eutech.com.tr\/wp-content\/uploads\/2023\/05\/Pano-Tedarigi-1-thegem-post-thumb-small.jpg"}],"twitter_card":"summary_large_image","schema":{"@context":"https:\/\/schema.org","@graph":[{"@type":"WebPage","@id":"https:\/\/eutech.com.tr\/faaliyet-alanlarimiz\/dogalgaz\/pano-tedarigi\/","url":"https:\/\/eutech.com.tr\/faaliyet-alanlarimiz\/dogalgaz\/pano-tedarigi\/","name":"Pano Tedari\u011fi - Eutech","isPartOf":{"@id":"https:\/\/eutech.com.tr\/#website"},"datePublished":"2023-04-12T13:08:55+00:00","dateModified":"2023-05-26T06:54:14+00:00","breadcrumb":{"@id":"https:\/\/eutech.com.tr\/faaliyet-alanlarimiz\/dogalgaz\/pano-tedarigi\/#breadcrumb"},"inLanguage":"en-GB","potentialAction":[{"@type":"ReadAction","target":["https:\/\/eutech.com.tr\/faaliyet-alanlarimiz\/dogalgaz\/pano-tedarigi\/"]}]},{"@type":"BreadcrumbList","@id":"https:\/\/eutech.com.tr\/faaliyet-alanlarimiz\/dogalgaz\/pano-tedarigi\/#breadcrumb","itemListElement":[{"@type":"ListItem","position":1,"name":"Home","item":"https:\/\/eutech.com.tr\/"},{"@type":"ListItem","position":2,"name":"Faaliyet Alanlar\u0131m\u0131z","item":"https:\/\/eutech.com.tr\/faaliyet-alanlarimiz\/"},{"@type":"ListItem","position":3,"name":"Do\u011falgaz","item":"https:\/\/eutech.com.tr\/faaliyet-alanlarimiz\/dogalgaz\/"},{"@type":"ListItem","position":4,"name":"Pano Tedari\u011fi"}]},{"@type":"WebSite","@id":"https:\/\/eutech.com.tr\/#website","url":"https:\/\/eutech.com.tr\/","name":"Eutech","description":"Intelligent Future","publisher":{"@id":"https:\/\/eutech.com.tr\/#organization"},"potentialAction":[{"@type":"SearchAction","target":{"@type":"EntryPoint","urlTemplate":"https:\/\/eutech.com.tr\/?s={search_term_string}"},"query-input":"required name=search_term_string"}],"inLanguage":"en-GB"},{"@type":"Organization","@id":"https:\/\/eutech.com.tr\/#organization","name":"Eutech","url":"https:\/\/eutech.com.tr\/","logo":{"@type":"ImageObject","inLanguage":"en-GB","@id":"https:\/\/eutech.com.tr\/#\/schema\/logo\/image\/","url":"https:\/\/eutech.com.tr\/wp-content\/uploads\/2023\/04\/eutech-logo.png","contentUrl":"https:\/\/eutech.com.tr\/wp-content\/uploads\/2023\/04\/eutech-logo.png","width":328,"height":125,"caption":"Eutech"},"image":{"@id":"https:\/\/eutech.com.tr\/#\/schema\/logo\/image\/"},"sameAs":["https:\/\/www.instagram.com\/eutech.com.tr\/","https:\/\/www.linkedin.com\/company\/eutech-intelligent-future\/"]}]}},"_links":{"self":[{"href":"https:\/\/eutech.com.tr\/en\/wp-json\/wp\/v2\/pages\/25579"}],"collection":[{"href":"https:\/\/eutech.com.tr\/en\/wp-json\/wp\/v2\/pages"}],"about":[{"href":"https:\/\/eutech.com.tr\/en\/wp-json\/wp\/v2\/types\/page"}],"author":[{"embeddable":true,"href":"https:\/\/eutech.com.tr\/en\/wp-json\/wp\/v2\/users\/1"}],"replies":[{"embeddable":true,"href":"https:\/\/eutech.com.tr\/en\/wp-json\/wp\/v2\/comments?post=25579"}],"version-history":[{"count":0,"href":"https:\/\/eutech.com.tr\/en\/wp-json\/wp\/v2\/pages\/25579\/revisions"}],"up":[{"embeddable":true,"href":"https:\/\/eutech.com.tr\/en\/wp-json\/wp\/v2\/pages\/24153"}],"wp:attachment":[{"href":"https:\/\/eutech.com.tr\/en\/wp-json\/wp\/v2\/media?parent=25579"}],"curies":[{"name":"wp","href":"https:\/\/api.w.org\/{rel}","templated":true}]}}