{"id":25578,"date":"2023-04-12T16:04:11","date_gmt":"2023-04-12T13:04:11","guid":{"rendered":"https:\/\/eutech.com.tr\/?page_id=25578"},"modified":"2023-05-26T09:54:30","modified_gmt":"2023-05-26T06:54:30","slug":"yangin-ve-shutdown-bakimi","status":"publish","type":"page","link":"https:\/\/eutech.com.tr\/en\/faaliyet-alanlarimiz\/dogalgaz\/yangin-ve-shutdown-bakimi\/","title":{"rendered":"Fire And Shutdown Maintenance"},"content":{"rendered":"<div data-elementor-type=\"wp-page\" data-elementor-id=\"25578\" class=\"elementor elementor-25578\">\n\t\t\t\t\t\t<div class=\"elementor-inner\">\n\t\t\t\t<div class=\"elementor-section-wrap\">\n\t\t\t\t\t\t\t\t\t<section class=\"elementor-section elementor-top-section elementor-element elementor-element-51b1333 elementor-section-boxed elementor-section-height-default elementor-section-height-default\" data-id=\"51b1333\" data-element_type=\"section\">\n\t\t\t\t\t\t<div class=\"elementor-container elementor-column-gap-thegem\">\n\t\t\t\t\t\t\t<div class=\"elementor-row\">\n\t\t\t\t\t<div class=\"elementor-column elementor-col-100 elementor-top-column elementor-element elementor-element-583d24c\" data-id=\"583d24c\" data-element_type=\"column\" data-settings=\"{&quot;background_background&quot;:&quot;classic&quot;}\">\n\t\t\t<div class=\"elementor-column-wrap elementor-element-populated\">\n\t\t\t\t\t<div class=\"elementor-background-overlay\"><\/div>\n\t\t\t\t\t\t\t<div class=\"elementor-widget-wrap\">\n\t\t\t\t\t\t<div class=\"elementor-element elementor-element-39dd218c flex-horizontal-align-default flex-horizontal-align-tablet-default flex-horizontal-align-mobile-default flex-vertical-align-default flex-vertical-align-tablet-default flex-vertical-align-mobile-default elementor-widget elementor-widget-text-editor\" data-id=\"39dd218c\" data-element_type=\"widget\" data-widget_type=\"text-editor.default\">\n\t\t\t\t<div class=\"elementor-widget-container\">\n\t\t\t<style>\/*! elementor - v3.12.1 - 02-04-2023 *\/\n.elementor-widget-text-editor.elementor-drop-cap-view-stacked .elementor-drop-cap{background-color:#69727d;color:#fff}.elementor-widget-text-editor.elementor-drop-cap-view-framed .elementor-drop-cap{color:#69727d;border:3px solid;background-color:transparent}.elementor-widget-text-editor:not(.elementor-drop-cap-view-default) .elementor-drop-cap{margin-top:8px}.elementor-widget-text-editor:not(.elementor-drop-cap-view-default) .elementor-drop-cap-letter{width:1em;height:1em}.elementor-widget-text-editor .elementor-drop-cap{float:left;text-align:center;line-height:1;font-size:50px}.elementor-widget-text-editor .elementor-drop-cap-letter{display:inline-block}<\/style>\t\t\t\t\t<div class=\"elementor-text-editor elementor-clearfix\">\n\t\t\t\t<p>For all RMS-A types, we perform periodical tests and checks on fire and shutdown systems with proper equipment by following OHS rules on project basis or within the scope of maintenance agreement. Any malfunctions and deficiencies detected during the test and software revisions, we make complying with current BOTA\u015e spesifications. With Drager and Karf&amp;Scoot gas detectors that we are authorized dealer of, we provide calibration service for suitable gas detectors of other brands. If it is within the periodical maintenance, we provide a detailed report.<\/p>\t\t\t\t\t<\/div>\n\t\t\t\t\t\t<\/div>\n\t\t\t\t<\/div>\n\t\t\t\t\t\t<\/div>\n\t\t\t\t\t<\/div>\n\t\t<\/div>\n\t\t\t\t\t\t\t\t<\/div>\n\t\t\t\t\t<\/div>\n\t\t<\/section>\n\t\t\t\t<section class=\"elementor-section elementor-top-section elementor-element elementor-element-77540af elementor-section-boxed elementor-section-height-default elementor-section-height-default\" data-id=\"77540af\" data-element_type=\"section\">\n\t\t\t\t\t\t<div class=\"elementor-container elementor-column-gap-thegem\">\n\t\t\t\t\t\t\t<div class=\"elementor-row\">\n\t\t\t\t\t<div class=\"elementor-column elementor-col-100 elementor-top-column elementor-element elementor-element-b500ba3\" data-id=\"b500ba3\" data-element_type=\"column\">\n\t\t\t<div class=\"elementor-column-wrap elementor-element-populated\">\n\t\t\t\t\t\t\t<div class=\"elementor-widget-wrap\">\n\t\t\t\t\t\t<div class=\"elementor-element elementor-element-4226d12 flex-horizontal-align-default flex-horizontal-align-tablet-default flex-horizontal-align-mobile-default flex-vertical-align-default flex-vertical-align-tablet-default flex-vertical-align-mobile-default elementor-widget elementor-widget-thegem-gallery-slider\" data-id=\"4226d12\" data-element_type=\"widget\" data-widget_type=\"thegem-gallery-slider.default\">\n\t\t\t\t<div class=\"elementor-widget-container\">\n\t\t\t\n\t\t<div class=\"preloader\">\n\t\t\t<div class=\"preloader-spin\"><\/div>\n\t\t<\/div>\n\t\t<div class=\"gem-gallery gem-gallery-hover-default\">\n\t\t\t\t\t\t\t\n<div class=\"gem-gallery-item\">\n\t<div class=\"gem-gallery-item-image\">\n\t\t<a href=\"https:\/\/eutech.com.tr\/wp-content\/uploads\/2023\/05\/Yangin-Shutdown-1-thegem-gallery-sidebar.jpg\"\n\t\t   data-elementor-open-lightbox=\"no\"\n\t\t   data-fancybox=\"gallery-69f28b0bc2f63\">\n\t\t\t<svg width=\"20\" height=\"10\">\n\t\t\t\t<path d=\"M 0,10 Q 9,9 10,0 Q 11,9 20,10\"\/>\n\t\t\t<\/svg>\n\t\t\t<img decoding=\"async\" src=\"https:\/\/eutech.com.tr\/wp-content\/uploads\/2023\/05\/Yangin-Shutdown-1-thegem-post-thumb-small.jpg\"\n\t\t\t\t alt=\"Yangin-Shutdown-1\" class=\"img-responsive\">\n\t\t\t<span class=\"gem-gallery-caption slide-info\">\n\t\t\t\t<span class=\"gem-gallery-item-title\">\n\t\t\t\t\t\t\t\t\t<\/span>\n\t\t\t\t<span class=\"gem-gallery-item-description\">\n\t\t\t\t\t\t\t\t\t<\/span>\n\t\t\t<\/span>\n\t\t\t\t\t\t\t\t<\/a>\n\t<\/div>\n<\/div>\n\n\t\t\t\t\t\t\t\t\t\t\t\n<div class=\"gem-gallery-item\">\n\t<div class=\"gem-gallery-item-image\">\n\t\t<a href=\"https:\/\/eutech.com.tr\/wp-content\/uploads\/2023\/05\/Yangin-Shutdown-2-thegem-gallery-sidebar.jpg\"\n\t\t   data-elementor-open-lightbox=\"no\"\n\t\t   data-fancybox=\"gallery-69f28b0bc2f63\">\n\t\t\t<svg width=\"20\" height=\"10\">\n\t\t\t\t<path d=\"M 0,10 Q 9,9 10,0 Q 11,9 20,10\"\/>\n\t\t\t<\/svg>\n\t\t\t<img decoding=\"async\" src=\"https:\/\/eutech.com.tr\/wp-content\/uploads\/2023\/05\/Yangin-Shutdown-2-thegem-post-thumb-small.jpg\"\n\t\t\t\t alt=\"Yangin-Shutdown-2\" class=\"img-responsive\">\n\t\t\t<span class=\"gem-gallery-caption slide-info\">\n\t\t\t\t<span class=\"gem-gallery-item-title\">\n\t\t\t\t\t\t\t\t\t<\/span>\n\t\t\t\t<span class=\"gem-gallery-item-description\">\n\t\t\t\t\t\t\t\t\t<\/span>\n\t\t\t<\/span>\n\t\t\t\t\t\t\t\t<\/a>\n\t<\/div>\n<\/div>\n\n\t\t\t\t\t\t\t\t\t\t\t\n<div class=\"gem-gallery-item\">\n\t<div class=\"gem-gallery-item-image\">\n\t\t<a href=\"https:\/\/eutech.com.tr\/wp-content\/uploads\/2023\/05\/Yangin-Shutdown-3-thegem-gallery-sidebar.jpg\"\n\t\t   data-elementor-open-lightbox=\"no\"\n\t\t   data-fancybox=\"gallery-69f28b0bc2f63\">\n\t\t\t<svg width=\"20\" height=\"10\">\n\t\t\t\t<path d=\"M 0,10 Q 9,9 10,0 Q 11,9 20,10\"\/>\n\t\t\t<\/svg>\n\t\t\t<img decoding=\"async\" src=\"https:\/\/eutech.com.tr\/wp-content\/uploads\/2023\/05\/Yangin-Shutdown-3-thegem-post-thumb-small.jpg\"\n\t\t\t\t alt=\"Yangin-Shutdown-3\" class=\"img-responsive\">\n\t\t\t<span class=\"gem-gallery-caption slide-info\">\n\t\t\t\t<span class=\"gem-gallery-item-title\">\n\t\t\t\t\t\t\t\t\t<\/span>\n\t\t\t\t<span class=\"gem-gallery-item-description\">\n\t\t\t\t\t\t\t\t\t<\/span>\n\t\t\t<\/span>\n\t\t\t\t\t\t\t\t<\/a>\n\t<\/div>\n<\/div>\n\n\t\t\t\t\t\t\t\t\t\t\t\n<div class=\"gem-gallery-item\">\n\t<div class=\"gem-gallery-item-image\">\n\t\t<a href=\"https:\/\/eutech.com.tr\/wp-content\/uploads\/2023\/05\/Yangin-Shutdown-4-thegem-gallery-sidebar.jpg\"\n\t\t   data-elementor-open-lightbox=\"no\"\n\t\t   data-fancybox=\"gallery-69f28b0bc2f63\">\n\t\t\t<svg width=\"20\" height=\"10\">\n\t\t\t\t<path d=\"M 0,10 Q 9,9 10,0 Q 11,9 20,10\"\/>\n\t\t\t<\/svg>\n\t\t\t<img decoding=\"async\" src=\"https:\/\/eutech.com.tr\/wp-content\/uploads\/2023\/05\/Yangin-Shutdown-4-thegem-post-thumb-small.jpg\"\n\t\t\t\t alt=\"Yangin-Shutdown-4\" class=\"img-responsive\">\n\t\t\t<span class=\"gem-gallery-caption slide-info\">\n\t\t\t\t<span class=\"gem-gallery-item-title\">\n\t\t\t\t\t\t\t\t\t<\/span>\n\t\t\t\t<span class=\"gem-gallery-item-description\">\n\t\t\t\t\t\t\t\t\t<\/span>\n\t\t\t<\/span>\n\t\t\t\t\t\t\t\t<\/a>\n\t<\/div>\n<\/div>\n\n\t\t\t\t\t\t\t\t\t\t\t\n<div class=\"gem-gallery-item\">\n\t<div class=\"gem-gallery-item-image\">\n\t\t<a href=\"https:\/\/eutech.com.tr\/wp-content\/uploads\/2023\/05\/Yangin-Shutdown-5-thegem-gallery-sidebar.jpg\"\n\t\t   data-elementor-open-lightbox=\"no\"\n\t\t   data-fancybox=\"gallery-69f28b0bc2f63\">\n\t\t\t<svg width=\"20\" height=\"10\">\n\t\t\t\t<path d=\"M 0,10 Q 9,9 10,0 Q 11,9 20,10\"\/>\n\t\t\t<\/svg>\n\t\t\t<img decoding=\"async\" src=\"https:\/\/eutech.com.tr\/wp-content\/uploads\/2023\/05\/Yangin-Shutdown-5-thegem-post-thumb-small.jpg\"\n\t\t\t\t alt=\"Yangin-Shutdown-5\" class=\"img-responsive\">\n\t\t\t<span class=\"gem-gallery-caption slide-info\">\n\t\t\t\t<span class=\"gem-gallery-item-title\">\n\t\t\t\t\t\t\t\t\t<\/span>\n\t\t\t\t<span class=\"gem-gallery-item-description\">\n\t\t\t\t\t\t\t\t\t<\/span>\n\t\t\t<\/span>\n\t\t\t\t\t\t\t\t<\/a>\n\t<\/div>\n<\/div>\n\n\t\t\t\t\t\t\t\t\t\t\t\n<div class=\"gem-gallery-item\">\n\t<div class=\"gem-gallery-item-image\">\n\t\t<a href=\"https:\/\/eutech.com.tr\/wp-content\/uploads\/2023\/05\/Yangin-Shutdown-6-thegem-gallery-sidebar.jpg\"\n\t\t   data-elementor-open-lightbox=\"no\"\n\t\t   data-fancybox=\"gallery-69f28b0bc2f63\">\n\t\t\t<svg width=\"20\" height=\"10\">\n\t\t\t\t<path d=\"M 0,10 Q 9,9 10,0 Q 11,9 20,10\"\/>\n\t\t\t<\/svg>\n\t\t\t<img decoding=\"async\" src=\"https:\/\/eutech.com.tr\/wp-content\/uploads\/2023\/05\/Yangin-Shutdown-6-thegem-post-thumb-small.jpg\"\n\t\t\t\t alt=\"Yangin-Shutdown-6\" class=\"img-responsive\">\n\t\t\t<span class=\"gem-gallery-caption slide-info\">\n\t\t\t\t<span class=\"gem-gallery-item-title\">\n\t\t\t\t\t\t\t\t\t<\/span>\n\t\t\t\t<span class=\"gem-gallery-item-description\">\n\t\t\t\t\t\t\t\t\t<\/span>\n\t\t\t<\/span>\n\t\t\t\t\t\t\t\t<\/a>\n\t<\/div>\n<\/div>\n\n\t\t\t\t\t\t\t\t\t\t\t\n<div class=\"gem-gallery-item\">\n\t<div class=\"gem-gallery-item-image\">\n\t\t<a href=\"https:\/\/eutech.com.tr\/wp-content\/uploads\/2023\/05\/Yangin-Shutdown-7-thegem-gallery-sidebar.jpg\"\n\t\t   data-elementor-open-lightbox=\"no\"\n\t\t   data-fancybox=\"gallery-69f28b0bc2f63\">\n\t\t\t<svg width=\"20\" height=\"10\">\n\t\t\t\t<path d=\"M 0,10 Q 9,9 10,0 Q 11,9 20,10\"\/>\n\t\t\t<\/svg>\n\t\t\t<img decoding=\"async\" src=\"https:\/\/eutech.com.tr\/wp-content\/uploads\/2023\/05\/Yangin-Shutdown-7-thegem-post-thumb-small.jpg\"\n\t\t\t\t alt=\"Yangin-Shutdown-7\" class=\"img-responsive\">\n\t\t\t<span class=\"gem-gallery-caption slide-info\">\n\t\t\t\t<span class=\"gem-gallery-item-title\">\n\t\t\t\t\t\t\t\t\t<\/span>\n\t\t\t\t<span class=\"gem-gallery-item-description\">\n\t\t\t\t\t\t\t\t\t<\/span>\n\t\t\t<\/span>\n\t\t\t\t\t\t\t\t<\/a>\n\t<\/div>\n<\/div>\n\n\t\t\t\t\t\t\t\t\t\t\t\n<div class=\"gem-gallery-item\">\n\t<div class=\"gem-gallery-item-image\">\n\t\t<a href=\"https:\/\/eutech.com.tr\/wp-content\/uploads\/2023\/05\/Yangin-Shutdown-8-thegem-gallery-sidebar.jpg\"\n\t\t   data-elementor-open-lightbox=\"no\"\n\t\t   data-fancybox=\"gallery-69f28b0bc2f63\">\n\t\t\t<svg width=\"20\" height=\"10\">\n\t\t\t\t<path d=\"M 0,10 Q 9,9 10,0 Q 11,9 20,10\"\/>\n\t\t\t<\/svg>\n\t\t\t<img decoding=\"async\" src=\"https:\/\/eutech.com.tr\/wp-content\/uploads\/2023\/05\/Yangin-Shutdown-8-thegem-post-thumb-small.jpg\"\n\t\t\t\t alt=\"Yangin-Shutdown-8\" class=\"img-responsive\">\n\t\t\t<span class=\"gem-gallery-caption slide-info\">\n\t\t\t\t<span class=\"gem-gallery-item-title\">\n\t\t\t\t\t\t\t\t\t<\/span>\n\t\t\t\t<span class=\"gem-gallery-item-description\">\n\t\t\t\t\t\t\t\t\t<\/span>\n\t\t\t<\/span>\n\t\t\t\t\t\t\t\t<\/a>\n\t<\/div>\n<\/div>\n\n\t\t\t\t\t\t\t\t\t\t\t\n<div class=\"gem-gallery-item\">\n\t<div class=\"gem-gallery-item-image\">\n\t\t<a href=\"https:\/\/eutech.com.tr\/wp-content\/uploads\/2023\/05\/Yangin-Shutdown-9-thegem-gallery-sidebar.jpg\"\n\t\t   data-elementor-open-lightbox=\"no\"\n\t\t   data-fancybox=\"gallery-69f28b0bc2f63\">\n\t\t\t<svg width=\"20\" height=\"10\">\n\t\t\t\t<path d=\"M 0,10 Q 9,9 10,0 Q 11,9 20,10\"\/>\n\t\t\t<\/svg>\n\t\t\t<img decoding=\"async\" src=\"https:\/\/eutech.com.tr\/wp-content\/uploads\/2023\/05\/Yangin-Shutdown-9-thegem-post-thumb-small.jpg\"\n\t\t\t\t alt=\"Yangin-Shutdown-9\" class=\"img-responsive\">\n\t\t\t<span class=\"gem-gallery-caption slide-info\">\n\t\t\t\t<span class=\"gem-gallery-item-title\">\n\t\t\t\t\t\t\t\t\t<\/span>\n\t\t\t\t<span class=\"gem-gallery-item-description\">\n\t\t\t\t\t\t\t\t\t<\/span>\n\t\t\t<\/span>\n\t\t\t\t\t\t\t\t<\/a>\n\t<\/div>\n<\/div>\n\n\t\t\t\t\t\t\t\t\t\t\t\n<div class=\"gem-gallery-item\">\n\t<div class=\"gem-gallery-item-image\">\n\t\t<a href=\"https:\/\/eutech.com.tr\/wp-content\/uploads\/2023\/05\/Yangin-Shutdown-10-thegem-gallery-sidebar.jpg\"\n\t\t   data-elementor-open-lightbox=\"no\"\n\t\t   data-fancybox=\"gallery-69f28b0bc2f63\">\n\t\t\t<svg width=\"20\" height=\"10\">\n\t\t\t\t<path d=\"M 0,10 Q 9,9 10,0 Q 11,9 20,10\"\/>\n\t\t\t<\/svg>\n\t\t\t<img decoding=\"async\" src=\"https:\/\/eutech.com.tr\/wp-content\/uploads\/2023\/05\/Yangin-Shutdown-10-thegem-post-thumb-small.jpg\"\n\t\t\t\t alt=\"Yangin-Shutdown-10\" class=\"img-responsive\">\n\t\t\t<span class=\"gem-gallery-caption slide-info\">\n\t\t\t\t<span class=\"gem-gallery-item-title\">\n\t\t\t\t\t\t\t\t\t<\/span>\n\t\t\t\t<span class=\"gem-gallery-item-description\">\n\t\t\t\t\t\t\t\t\t<\/span>\n\t\t\t<\/span>\n\t\t\t\t\t\t\t\t<\/a>\n\t<\/div>\n<\/div>\n\n\t\t\t\t\t\t\t\t\t\t\t\n<div class=\"gem-gallery-item\">\n\t<div class=\"gem-gallery-item-image\">\n\t\t<a href=\"https:\/\/eutech.com.tr\/wp-content\/uploads\/2023\/05\/Yangin-Shutdown-11-thegem-gallery-sidebar.jpg\"\n\t\t   data-elementor-open-lightbox=\"no\"\n\t\t   data-fancybox=\"gallery-69f28b0bc2f63\">\n\t\t\t<svg width=\"20\" height=\"10\">\n\t\t\t\t<path d=\"M 0,10 Q 9,9 10,0 Q 11,9 20,10\"\/>\n\t\t\t<\/svg>\n\t\t\t<img decoding=\"async\" src=\"https:\/\/eutech.com.tr\/wp-content\/uploads\/2023\/05\/Yangin-Shutdown-11-thegem-post-thumb-small.jpg\"\n\t\t\t\t alt=\"Yangin-Shutdown-11\" class=\"img-responsive\">\n\t\t\t<span class=\"gem-gallery-caption slide-info\">\n\t\t\t\t<span class=\"gem-gallery-item-title\">\n\t\t\t\t\t\t\t\t\t<\/span>\n\t\t\t\t<span class=\"gem-gallery-item-description\">\n\t\t\t\t\t\t\t\t\t<\/span>\n\t\t\t<\/span>\n\t\t\t\t\t\t\t\t<\/a>\n\t<\/div>\n<\/div>\n\n\t\t\t\t\t\t\t\t\t\t\t\n<div class=\"gem-gallery-item\">\n\t<div class=\"gem-gallery-item-image\">\n\t\t<a href=\"https:\/\/eutech.com.tr\/wp-content\/uploads\/2023\/05\/Yangin-Shutdown-12-thegem-gallery-sidebar.jpg\"\n\t\t   data-elementor-open-lightbox=\"no\"\n\t\t   data-fancybox=\"gallery-69f28b0bc2f63\">\n\t\t\t<svg width=\"20\" height=\"10\">\n\t\t\t\t<path d=\"M 0,10 Q 9,9 10,0 Q 11,9 20,10\"\/>\n\t\t\t<\/svg>\n\t\t\t<img decoding=\"async\" src=\"https:\/\/eutech.com.tr\/wp-content\/uploads\/2023\/05\/Yangin-Shutdown-12-thegem-post-thumb-small.jpg\"\n\t\t\t\t alt=\"Yangin-Shutdown-12\" class=\"img-responsive\">\n\t\t\t<span class=\"gem-gallery-caption slide-info\">\n\t\t\t\t<span class=\"gem-gallery-item-title\">\n\t\t\t\t\t\t\t\t\t<\/span>\n\t\t\t\t<span class=\"gem-gallery-item-description\">\n\t\t\t\t\t\t\t\t\t<\/span>\n\t\t\t<\/span>\n\t\t\t\t\t\t\t\t<\/a>\n\t<\/div>\n<\/div>\n\n\t\t\t\t\t\t\t\t\t\t\t\n<div class=\"gem-gallery-item\">\n\t<div class=\"gem-gallery-item-image\">\n\t\t<a href=\"https:\/\/eutech.com.tr\/wp-content\/uploads\/2023\/05\/Yangin-Shutdown-13-thegem-gallery-sidebar.jpg\"\n\t\t   data-elementor-open-lightbox=\"no\"\n\t\t   data-fancybox=\"gallery-69f28b0bc2f63\">\n\t\t\t<svg width=\"20\" height=\"10\">\n\t\t\t\t<path d=\"M 0,10 Q 9,9 10,0 Q 11,9 20,10\"\/>\n\t\t\t<\/svg>\n\t\t\t<img decoding=\"async\" src=\"https:\/\/eutech.com.tr\/wp-content\/uploads\/2023\/05\/Yangin-Shutdown-13-thegem-post-thumb-small.jpg\"\n\t\t\t\t alt=\"Yangin-Shutdown-13\" class=\"img-responsive\">\n\t\t\t<span class=\"gem-gallery-caption slide-info\">\n\t\t\t\t<span class=\"gem-gallery-item-title\">\n\t\t\t\t\t\t\t\t\t<\/span>\n\t\t\t\t<span class=\"gem-gallery-item-description\">\n\t\t\t\t\t\t\t\t\t<\/span>\n\t\t\t<\/span>\n\t\t\t\t\t\t\t\t<\/a>\n\t<\/div>\n<\/div>\n\n\t\t\t\t\t\t\t\t\t<\/div>\n\t\t\t\t<\/div>\n\t\t\t\t<\/div>\n\t\t\t\t\t\t<\/div>\n\t\t\t\t\t<\/div>\n\t\t<\/div>\n\t\t\t\t\t\t\t\t<\/div>\n\t\t\t\t\t<\/div>\n\t\t<\/section>\n\t\t\t\t\t\t\t\t\t<\/div>\n\t\t\t<\/div>\n\t\t\t\t\t<\/div>","protected":false},"excerpt":{"rendered":"<p>T\u00fcm RMS-A tiplerinde yang\u0131n ve shutdown sisteminin proje bazl\u0131 veya bak\u0131m anla\u015fmas\u0131 kapsam\u0131nda \u0130SG kurallar\u0131n\u0131 g\u00f6zeterek uygun ekipmanlar ile periyodik&#8230;<\/p>","protected":false},"author":1,"featured_media":0,"parent":24153,"menu_order":0,"comment_status":"closed","ping_status":"closed","template":"","meta":{"om_disable_all_campaigns":false},"aioseo_notices":[],"yoast_head":"<!-- This site is optimized with the Yoast SEO plugin v20.7 - https:\/\/yoast.com\/wordpress\/plugins\/seo\/ -->\n<title>Yang\u0131n ve Shutdown Bak\u0131m\u0131 - Eutech<\/title>\n<meta name=\"robots\" content=\"index, follow, max-snippet:-1, max-image-preview:large, max-video-preview:-1\" \/>\n<link rel=\"canonical\" href=\"https:\/\/eutech.com.tr\/en\/faaliyet-alanlarimiz\/dogalgaz\/yangin-ve-shutdown-bakimi\/\" \/>\n<meta property=\"og:locale\" content=\"en_GB\" \/>\n<meta property=\"og:type\" content=\"article\" \/>\n<meta property=\"og:title\" content=\"Yang\u0131n ve Shutdown Bak\u0131m\u0131 - Eutech\" \/>\n<meta property=\"og:description\" content=\"T\u00fcm RMS-A tiplerinde yang\u0131n ve shutdown sisteminin proje bazl\u0131 veya bak\u0131m anla\u015fmas\u0131 kapsam\u0131nda \u0130SG kurallar\u0131n\u0131 g\u00f6zeterek uygun ekipmanlar ile periyodik...\" \/>\n<meta property=\"og:url\" content=\"https:\/\/eutech.com.tr\/en\/faaliyet-alanlarimiz\/dogalgaz\/yangin-ve-shutdown-bakimi\/\" \/>\n<meta property=\"og:site_name\" content=\"Eutech\" \/>\n<meta property=\"article:modified_time\" content=\"2023-05-26T06:54:30+00:00\" \/>\n<meta property=\"og:image\" content=\"https:\/\/eutech.com.tr\/wp-content\/uploads\/2023\/05\/Yangin-Shutdown-1-thegem-post-thumb-small.jpg\" \/>\n<meta name=\"twitter:card\" content=\"summary_large_image\" \/>\n<script type=\"application\/ld+json\" class=\"yoast-schema-graph\">{\"@context\":\"https:\/\/schema.org\",\"@graph\":[{\"@type\":\"WebPage\",\"@id\":\"https:\/\/eutech.com.tr\/faaliyet-alanlarimiz\/dogalgaz\/yangin-ve-shutdown-bakimi\/\",\"url\":\"https:\/\/eutech.com.tr\/faaliyet-alanlarimiz\/dogalgaz\/yangin-ve-shutdown-bakimi\/\",\"name\":\"Yang\u0131n ve Shutdown Bak\u0131m\u0131 - Eutech\",\"isPartOf\":{\"@id\":\"https:\/\/eutech.com.tr\/#website\"},\"datePublished\":\"2023-04-12T13:04:11+00:00\",\"dateModified\":\"2023-05-26T06:54:30+00:00\",\"breadcrumb\":{\"@id\":\"https:\/\/eutech.com.tr\/faaliyet-alanlarimiz\/dogalgaz\/yangin-ve-shutdown-bakimi\/#breadcrumb\"},\"inLanguage\":\"en-GB\",\"potentialAction\":[{\"@type\":\"ReadAction\",\"target\":[\"https:\/\/eutech.com.tr\/faaliyet-alanlarimiz\/dogalgaz\/yangin-ve-shutdown-bakimi\/\"]}]},{\"@type\":\"BreadcrumbList\",\"@id\":\"https:\/\/eutech.com.tr\/faaliyet-alanlarimiz\/dogalgaz\/yangin-ve-shutdown-bakimi\/#breadcrumb\",\"itemListElement\":[{\"@type\":\"ListItem\",\"position\":1,\"name\":\"Home\",\"item\":\"https:\/\/eutech.com.tr\/\"},{\"@type\":\"ListItem\",\"position\":2,\"name\":\"Faaliyet Alanlar\u0131m\u0131z\",\"item\":\"https:\/\/eutech.com.tr\/faaliyet-alanlarimiz\/\"},{\"@type\":\"ListItem\",\"position\":3,\"name\":\"Do\u011falgaz\",\"item\":\"https:\/\/eutech.com.tr\/faaliyet-alanlarimiz\/dogalgaz\/\"},{\"@type\":\"ListItem\",\"position\":4,\"name\":\"Yang\u0131n ve Shutdown Bak\u0131m\u0131\"}]},{\"@type\":\"WebSite\",\"@id\":\"https:\/\/eutech.com.tr\/#website\",\"url\":\"https:\/\/eutech.com.tr\/\",\"name\":\"Eutech\",\"description\":\"Intelligent Future\",\"publisher\":{\"@id\":\"https:\/\/eutech.com.tr\/#organization\"},\"potentialAction\":[{\"@type\":\"SearchAction\",\"target\":{\"@type\":\"EntryPoint\",\"urlTemplate\":\"https:\/\/eutech.com.tr\/?s={search_term_string}\"},\"query-input\":\"required name=search_term_string\"}],\"inLanguage\":\"en-GB\"},{\"@type\":\"Organization\",\"@id\":\"https:\/\/eutech.com.tr\/#organization\",\"name\":\"Eutech\",\"url\":\"https:\/\/eutech.com.tr\/\",\"logo\":{\"@type\":\"ImageObject\",\"inLanguage\":\"en-GB\",\"@id\":\"https:\/\/eutech.com.tr\/#\/schema\/logo\/image\/\",\"url\":\"https:\/\/eutech.com.tr\/wp-content\/uploads\/2023\/04\/eutech-logo.png\",\"contentUrl\":\"https:\/\/eutech.com.tr\/wp-content\/uploads\/2023\/04\/eutech-logo.png\",\"width\":328,\"height\":125,\"caption\":\"Eutech\"},\"image\":{\"@id\":\"https:\/\/eutech.com.tr\/#\/schema\/logo\/image\/\"},\"sameAs\":[\"https:\/\/www.instagram.com\/eutech.com.tr\/\",\"https:\/\/www.linkedin.com\/company\/eutech-intelligent-future\/\"]}]}<\/script>\n<!-- \/ Yoast SEO plugin. -->","yoast_head_json":{"title":"Yang\u0131n ve Shutdown Bak\u0131m\u0131 - Eutech","robots":{"index":"index","follow":"follow","max-snippet":"max-snippet:-1","max-image-preview":"max-image-preview:large","max-video-preview":"max-video-preview:-1"},"canonical":"https:\/\/eutech.com.tr\/en\/faaliyet-alanlarimiz\/dogalgaz\/yangin-ve-shutdown-bakimi\/","og_locale":"en_GB","og_type":"article","og_title":"Yang\u0131n ve Shutdown Bak\u0131m\u0131 - Eutech","og_description":"T\u00fcm RMS-A tiplerinde yang\u0131n ve shutdown sisteminin proje bazl\u0131 veya bak\u0131m anla\u015fmas\u0131 kapsam\u0131nda \u0130SG kurallar\u0131n\u0131 g\u00f6zeterek uygun ekipmanlar ile periyodik...","og_url":"https:\/\/eutech.com.tr\/en\/faaliyet-alanlarimiz\/dogalgaz\/yangin-ve-shutdown-bakimi\/","og_site_name":"Eutech","article_modified_time":"2023-05-26T06:54:30+00:00","og_image":[{"url":"https:\/\/eutech.com.tr\/wp-content\/uploads\/2023\/05\/Yangin-Shutdown-1-thegem-post-thumb-small.jpg"}],"twitter_card":"summary_large_image","schema":{"@context":"https:\/\/schema.org","@graph":[{"@type":"WebPage","@id":"https:\/\/eutech.com.tr\/faaliyet-alanlarimiz\/dogalgaz\/yangin-ve-shutdown-bakimi\/","url":"https:\/\/eutech.com.tr\/faaliyet-alanlarimiz\/dogalgaz\/yangin-ve-shutdown-bakimi\/","name":"Yang\u0131n ve Shutdown Bak\u0131m\u0131 - Eutech","isPartOf":{"@id":"https:\/\/eutech.com.tr\/#website"},"datePublished":"2023-04-12T13:04:11+00:00","dateModified":"2023-05-26T06:54:30+00:00","breadcrumb":{"@id":"https:\/\/eutech.com.tr\/faaliyet-alanlarimiz\/dogalgaz\/yangin-ve-shutdown-bakimi\/#breadcrumb"},"inLanguage":"en-GB","potentialAction":[{"@type":"ReadAction","target":["https:\/\/eutech.com.tr\/faaliyet-alanlarimiz\/dogalgaz\/yangin-ve-shutdown-bakimi\/"]}]},{"@type":"BreadcrumbList","@id":"https:\/\/eutech.com.tr\/faaliyet-alanlarimiz\/dogalgaz\/yangin-ve-shutdown-bakimi\/#breadcrumb","itemListElement":[{"@type":"ListItem","position":1,"name":"Home","item":"https:\/\/eutech.com.tr\/"},{"@type":"ListItem","position":2,"name":"Faaliyet Alanlar\u0131m\u0131z","item":"https:\/\/eutech.com.tr\/faaliyet-alanlarimiz\/"},{"@type":"ListItem","position":3,"name":"Do\u011falgaz","item":"https:\/\/eutech.com.tr\/faaliyet-alanlarimiz\/dogalgaz\/"},{"@type":"ListItem","position":4,"name":"Yang\u0131n ve Shutdown Bak\u0131m\u0131"}]},{"@type":"WebSite","@id":"https:\/\/eutech.com.tr\/#website","url":"https:\/\/eutech.com.tr\/","name":"Eutech","description":"Intelligent Future","publisher":{"@id":"https:\/\/eutech.com.tr\/#organization"},"potentialAction":[{"@type":"SearchAction","target":{"@type":"EntryPoint","urlTemplate":"https:\/\/eutech.com.tr\/?s={search_term_string}"},"query-input":"required name=search_term_string"}],"inLanguage":"en-GB"},{"@type":"Organization","@id":"https:\/\/eutech.com.tr\/#organization","name":"Eutech","url":"https:\/\/eutech.com.tr\/","logo":{"@type":"ImageObject","inLanguage":"en-GB","@id":"https:\/\/eutech.com.tr\/#\/schema\/logo\/image\/","url":"https:\/\/eutech.com.tr\/wp-content\/uploads\/2023\/04\/eutech-logo.png","contentUrl":"https:\/\/eutech.com.tr\/wp-content\/uploads\/2023\/04\/eutech-logo.png","width":328,"height":125,"caption":"Eutech"},"image":{"@id":"https:\/\/eutech.com.tr\/#\/schema\/logo\/image\/"},"sameAs":["https:\/\/www.instagram.com\/eutech.com.tr\/","https:\/\/www.linkedin.com\/company\/eutech-intelligent-future\/"]}]}},"_links":{"self":[{"href":"https:\/\/eutech.com.tr\/en\/wp-json\/wp\/v2\/pages\/25578"}],"collection":[{"href":"https:\/\/eutech.com.tr\/en\/wp-json\/wp\/v2\/pages"}],"about":[{"href":"https:\/\/eutech.com.tr\/en\/wp-json\/wp\/v2\/types\/page"}],"author":[{"embeddable":true,"href":"https:\/\/eutech.com.tr\/en\/wp-json\/wp\/v2\/users\/1"}],"replies":[{"embeddable":true,"href":"https:\/\/eutech.com.tr\/en\/wp-json\/wp\/v2\/comments?post=25578"}],"version-history":[{"count":0,"href":"https:\/\/eutech.com.tr\/en\/wp-json\/wp\/v2\/pages\/25578\/revisions"}],"up":[{"embeddable":true,"href":"https:\/\/eutech.com.tr\/en\/wp-json\/wp\/v2\/pages\/24153"}],"wp:attachment":[{"href":"https:\/\/eutech.com.tr\/en\/wp-json\/wp\/v2\/media?parent=25578"}],"curies":[{"name":"wp","href":"https:\/\/api.w.org\/{rel}","templated":true}]}}