{"id":24153,"date":"2020-02-09T22:49:31","date_gmt":"2020-02-09T19:49:31","guid":{"rendered":"https:\/\/democontent.codex-themes.com\/sites-elementor\/business-consulting\/?page_id=24153"},"modified":"2023-05-08T15:12:24","modified_gmt":"2023-05-08T12:12:24","slug":"dogalgaz","status":"publish","type":"page","link":"https:\/\/eutech.com.tr\/en\/faaliyet-alanlarimiz\/dogalgaz\/","title":{"rendered":"Natural Gas"},"content":{"rendered":"<div data-elementor-type=\"wp-page\" data-elementor-id=\"24153\" class=\"elementor elementor-24153\">\n\t\t\t\t\t\t<div class=\"elementor-inner\">\n\t\t\t\t<div class=\"elementor-section-wrap\">\n\t\t\t\t\t\t\t\t\t<section class=\"elementor-section elementor-top-section elementor-element elementor-element-6e1c797d elementor-section-full_width elementor-section-height-default elementor-section-height-default\" data-id=\"6e1c797d\" data-element_type=\"section\">\n\t\t\t\t\t\t<div class=\"elementor-container elementor-column-gap-no\">\n\t\t\t\t\t\t\t<div class=\"elementor-row\">\n\t\t\t\t\t<div class=\"elementor-column elementor-col-100 elementor-top-column elementor-element elementor-element-5dc9297f\" data-id=\"5dc9297f\" data-element_type=\"column\">\n\t\t\t<div class=\"elementor-column-wrap elementor-element-populated\">\n\t\t\t\t\t\t\t<div class=\"elementor-widget-wrap\">\n\t\t\t\t\t\t<section class=\"elementor-section elementor-inner-section elementor-element elementor-element-382b1454 elementor-section-boxed elementor-section-height-default elementor-section-height-default\" data-id=\"382b1454\" data-element_type=\"section\">\n\t\t\t\t\t\t<div class=\"elementor-container elementor-column-gap-thegem\">\n\t\t\t\t\t\t\t<div class=\"elementor-row\">\n\t\t\t\t\t<div class=\"elementor-column elementor-col-100 elementor-inner-column elementor-element elementor-element-1b19662f\" data-id=\"1b19662f\" data-element_type=\"column\" data-settings=\"{&quot;background_background&quot;:&quot;classic&quot;}\">\n\t\t\t<div class=\"elementor-column-wrap elementor-element-populated\">\n\t\t\t\t\t\t\t<div class=\"elementor-widget-wrap\">\n\t\t\t\t\t\t<div class=\"elementor-element elementor-element-1fa0fb71 flex-horizontal-align-default flex-horizontal-align-tablet-default flex-horizontal-align-mobile-default flex-vertical-align-default flex-vertical-align-tablet-default flex-vertical-align-mobile-default elementor-invisible elementor-widget elementor-widget-heading\" data-id=\"1fa0fb71\" data-element_type=\"widget\" data-settings=\"{&quot;_animation&quot;:&quot;fadeIn&quot;,&quot;_animation_delay&quot;:200}\" data-widget_type=\"heading.default\">\n\t\t\t\t<div class=\"elementor-widget-container\">\n\t\t\t<style>\/*! elementor - v3.12.1 - 02-04-2023 *\/\n.elementor-heading-title{padding:0;margin:0;line-height:1}.elementor-widget-heading .elementor-heading-title[class*=elementor-size-]>a{color:inherit;font-size:inherit;line-height:inherit}.elementor-widget-heading .elementor-heading-title.elementor-size-small{font-size:15px}.elementor-widget-heading .elementor-heading-title.elementor-size-medium{font-size:19px}.elementor-widget-heading .elementor-heading-title.elementor-size-large{font-size:29px}.elementor-widget-heading .elementor-heading-title.elementor-size-xl{font-size:39px}.elementor-widget-heading .elementor-heading-title.elementor-size-xxl{font-size:59px}<\/style><div class=\"title-h4 light elementor-heading-title elementor-size-default\">WITH OUR PROFESSIONAL TEAM<\/div>\t\t<\/div>\n\t\t\t\t<\/div>\n\t\t\t\t<div class=\"elementor-element elementor-element-3d10471d flex-horizontal-align-default flex-horizontal-align-tablet-default flex-horizontal-align-mobile-default flex-vertical-align-default flex-vertical-align-tablet-default flex-vertical-align-mobile-default elementor-invisible elementor-widget elementor-widget-heading\" data-id=\"3d10471d\" data-element_type=\"widget\" data-settings=\"{&quot;_animation&quot;:&quot;fadeIn&quot;,&quot;_animation_delay&quot;:400}\" data-widget_type=\"heading.default\">\n\t\t\t\t<div class=\"elementor-widget-container\">\n\t\t\t<div class=\"title-h1 elementor-heading-title elementor-size-default\">turnkey solutions<\/div>\t\t<\/div>\n\t\t\t\t<\/div>\n\t\t\t\t<div class=\"elementor-element elementor-element-1be27412 flex-horizontal-align-default flex-horizontal-align-tablet-default flex-horizontal-align-mobile-default flex-vertical-align-default flex-vertical-align-tablet-default flex-vertical-align-mobile-default elementor-invisible elementor-widget elementor-widget-text-editor\" data-id=\"1be27412\" data-element_type=\"widget\" data-settings=\"{&quot;_animation&quot;:&quot;fadeInUp&quot;}\" data-widget_type=\"text-editor.default\">\n\t\t\t\t<div class=\"elementor-widget-container\">\n\t\t\t<style>\/*! elementor - v3.12.1 - 02-04-2023 *\/\n.elementor-widget-text-editor.elementor-drop-cap-view-stacked .elementor-drop-cap{background-color:#69727d;color:#fff}.elementor-widget-text-editor.elementor-drop-cap-view-framed .elementor-drop-cap{color:#69727d;border:3px solid;background-color:transparent}.elementor-widget-text-editor:not(.elementor-drop-cap-view-default) .elementor-drop-cap{margin-top:8px}.elementor-widget-text-editor:not(.elementor-drop-cap-view-default) .elementor-drop-cap-letter{width:1em;height:1em}.elementor-widget-text-editor .elementor-drop-cap{float:left;text-align:center;line-height:1;font-size:50px}.elementor-widget-text-editor .elementor-drop-cap-letter{display:inline-block}<\/style>\t\t\t\t\t<div class=\"elementor-text-editor elementor-clearfix\">\n\t\t\t\t<p>Eutech offers turnkey solutions for your needs with its expert and dynamic team. It carefully manages all processes from the project design stage to the commissioning and acceptance stage, and considers the work as a whole with after-sales services such as maintenance and technical support. It carries out all these services with the competence of EMRA Construction and Service Certificate.<\/p>\t\t\t\t\t<\/div>\n\t\t\t\t\t\t<\/div>\n\t\t\t\t<\/div>\n\t\t\t\t\t\t<\/div>\n\t\t\t\t\t<\/div>\n\t\t<\/div>\n\t\t\t\t\t\t\t\t<\/div>\n\t\t\t\t\t<\/div>\n\t\t<\/section>\n\t\t\t\t\t\t<\/div>\n\t\t\t\t\t<\/div>\n\t\t<\/div>\n\t\t\t\t\t\t\t\t<\/div>\n\t\t\t\t\t<\/div>\n\t\t<\/section>\n\t\t\t\t<section class=\"elementor-section elementor-top-section elementor-element elementor-element-1f41130 elementor-section-boxed elementor-section-height-default elementor-section-height-default\" data-id=\"1f41130\" data-element_type=\"section\">\n\t\t\t\t\t\t<div class=\"elementor-container elementor-column-gap-thegem\">\n\t\t\t\t\t\t\t<div class=\"elementor-row\">\n\t\t\t\t\t<div class=\"elementor-column elementor-col-100 elementor-top-column elementor-element elementor-element-f161e36\" data-id=\"f161e36\" data-element_type=\"column\">\n\t\t\t<div class=\"elementor-column-wrap elementor-element-populated\">\n\t\t\t\t\t\t\t<div class=\"elementor-widget-wrap\">\n\t\t\t\t\t\t<div class=\"elementor-element elementor-element-3fe0702 flex-horizontal-align-default flex-horizontal-align-tablet-default flex-horizontal-align-mobile-default flex-vertical-align-default flex-vertical-align-tablet-default flex-vertical-align-mobile-default elementor-widget elementor-widget-thegem-team\" data-id=\"3fe0702\" data-element_type=\"widget\" data-settings=\"{&quot;thegem_elementor_preset&quot;:&quot;4&quot;,&quot;content_team_cat&quot;:[&quot;dogalgaz&quot;],&quot;columns&quot;:&quot;4&quot;,&quot;columns_mobile&quot;:&quot;2&quot;,&quot;columns_tablet&quot;:2,&quot;items_count&quot;:-1,&quot;content_elems_img&quot;:&quot;yes&quot;,&quot;content_elems_name&quot;:&quot;yes&quot;}\" data-widget_type=\"thegem-team.default\">\n\t\t\t\t<div class=\"elementor-widget-container\">\n\t\t\t\r\n\t\t\t<div class=\"row gem-team gem-team-style-4\" >\r\n\r\n\t\t\t\t<div class=\"col-md-3 col-sm-6 col-xs-6 w-link thegem-wrap inline-column\">\r\n\r\n\t<div id=\"post-23929\" class=\"team-person bordered-box  post-23929 thegem_team_person type-thegem_team_person status-publish has-post-thumbnail\" >\r\n\r\n\t\t\t\t\t<div class=\"team-person-image\">\r\n\t\t\t\t<span><img decoding=\"async\" width=\"160\" height=\"160\" src=\"https:\/\/eutech.com.tr\/wp-content\/uploads\/2023\/05\/RMS-Otomasyonu-24-thegem-person-160.jpg\" class=\"img-responsive wp-post-image\" alt=\"RMS-Otomasyonu-24\" srcset=\"https:\/\/eutech.com.tr\/wp-content\/uploads\/2023\/05\/RMS-Otomasyonu-24-thegem-person.jpg 2x\" sizes=\"100vw\" \/><\/span>\t\t\t<\/div>\r\n\t\t\r\n\t\t<div class=\"team-person-info clearfix\">\r\n\r\n\t\t\t\t\t\t\t<div class=\"team-person-name styled-subtitle\" >RMS-A Automation<\/div>\t\t\t\r\n\t\t\t\r\n\t\t\t\r\n\t\t\t\r\n\t\t\t\r\n\t\t\t\r\n\t\t<\/div>\r\n\r\n\t\t\t\t\t<a class=\"team-person-link\" href=\"https:\/\/eutech.com.tr\/en\/faaliyet-alanlarimiz\/dogalgaz\/rms-a-otomasyonu\/\" target=\"_self\"><\/a>\t\t\r\n\t<\/div>\r\n\r\n<\/div><div class=\"col-md-3 col-sm-6 col-xs-6 w-link thegem-wrap inline-column\">\r\n\r\n\t<div id=\"post-27251\" class=\"team-person bordered-box  post-27251 thegem_team_person type-thegem_team_person status-publish has-post-thumbnail\" >\r\n\r\n\t\t\t\t\t<div class=\"team-person-image\">\r\n\t\t\t\t<span><img decoding=\"async\" width=\"160\" height=\"160\" src=\"https:\/\/eutech.com.tr\/wp-content\/uploads\/2023\/05\/Yangin-Shutdown-1-thegem-person-160.jpg\" class=\"img-responsive wp-post-image\" alt=\"Yangin-Shutdown-1\" srcset=\"https:\/\/eutech.com.tr\/wp-content\/uploads\/2023\/05\/Yangin-Shutdown-1-thegem-person.jpg 2x\" sizes=\"100vw\" \/><\/span>\t\t\t<\/div>\r\n\t\t\r\n\t\t<div class=\"team-person-info clearfix\">\r\n\r\n\t\t\t\t\t\t\t<div class=\"team-person-name styled-subtitle\" >Fire And Shutdown Maintenance<\/div>\t\t\t\r\n\t\t\t\r\n\t\t\t\r\n\t\t\t\r\n\t\t\t\r\n\t\t\t\r\n\t\t<\/div>\r\n\r\n\t\t\t\t\t<a class=\"team-person-link\" href=\"https:\/\/eutech.com.tr\/en\/faaliyet-alanlarimiz\/dogalgaz\/yangin-ve-shutdown-bakimi\/\" target=\"_self\"><\/a>\t\t\r\n\t<\/div>\r\n\r\n<\/div><div class=\"col-md-3 col-sm-6 col-xs-6 w-link thegem-wrap inline-column\">\r\n\r\n\t<div id=\"post-27250\" class=\"team-person bordered-box  post-27250 thegem_team_person type-thegem_team_person status-publish has-post-thumbnail\" >\r\n\r\n\t\t\t\t\t<div class=\"team-person-image\">\r\n\t\t\t\t<span><img decoding=\"async\" width=\"160\" height=\"160\" src=\"https:\/\/eutech.com.tr\/wp-content\/uploads\/2023\/05\/Merkezi-Skada-6-thegem-person-160.jpg\" class=\"img-responsive wp-post-image\" alt=\"Merkezi-Skada-6\" srcset=\"https:\/\/eutech.com.tr\/wp-content\/uploads\/2023\/05\/Merkezi-Skada-6-thegem-person.jpg 2x\" sizes=\"100vw\" \/><\/span>\t\t\t<\/div>\r\n\t\t\r\n\t\t<div class=\"team-person-info clearfix\">\r\n\r\n\t\t\t\t\t\t\t<div class=\"team-person-name styled-subtitle\" >Central Scada and Measurement Software<\/div>\t\t\t\r\n\t\t\t\r\n\t\t\t\r\n\t\t\t\r\n\t\t\t\r\n\t\t\t\r\n\t\t<\/div>\r\n\r\n\t\t\t\t\t<a class=\"team-person-link\" href=\"https:\/\/eutech.com.tr\/en\/faaliyet-alanlarimiz\/dogalgaz\/merkezi-scada-ve-olcum-yazilimi\/\" target=\"_self\"><\/a>\t\t\r\n\t<\/div>\r\n\r\n<\/div><div class=\"col-md-3 col-sm-6 col-xs-6 w-link thegem-wrap inline-column\">\r\n\r\n\t<div id=\"post-27252\" class=\"team-person bordered-box  post-27252 thegem_team_person type-thegem_team_person status-publish has-post-thumbnail\" >\r\n\r\n\t\t\t\t\t<div class=\"team-person-image\">\r\n\t\t\t\t<span><img decoding=\"async\" width=\"160\" height=\"160\" src=\"https:\/\/eutech.com.tr\/wp-content\/uploads\/2023\/05\/Pano-Tedarigi-1-thegem-person-160.jpg\" class=\"img-responsive wp-post-image\" alt=\"Pano-Tedarigi-1\" srcset=\"https:\/\/eutech.com.tr\/wp-content\/uploads\/2023\/05\/Pano-Tedarigi-1-thegem-person.jpg 2x\" sizes=\"100vw\" \/><\/span>\t\t\t<\/div>\r\n\t\t\r\n\t\t<div class=\"team-person-info clearfix\">\r\n\r\n\t\t\t\t\t\t\t<div class=\"team-person-name styled-subtitle\" >Panel Supply Support<\/div>\t\t\t\r\n\t\t\t\r\n\t\t\t\r\n\t\t\t\r\n\t\t\t\r\n\t\t\t\r\n\t\t<\/div>\r\n\r\n\t\t\t\t\t<a class=\"team-person-link\" href=\"https:\/\/eutech.com.tr\/en\/faaliyet-alanlarimiz\/dogalgaz\/pano-tedarigi\/\" target=\"_self\"><\/a>\t\t\r\n\t<\/div>\r\n\r\n<\/div><div class=\"col-md-3 col-sm-6 col-xs-6 w-link thegem-wrap inline-column\">\r\n\r\n\t<div id=\"post-27253\" class=\"team-person bordered-box  post-27253 thegem_team_person type-thegem_team_person status-publish has-post-thumbnail\" >\r\n\r\n\t\t\t\t\t<div class=\"team-person-image\">\r\n\t\t\t\t<span><img decoding=\"async\" width=\"160\" height=\"160\" src=\"https:\/\/eutech.com.tr\/wp-content\/uploads\/2023\/05\/Ekipman-Tedarigi-7-thegem-person-160.jpg\" class=\"img-responsive wp-post-image\" alt=\"Ekipman-Tedarigi-7\" srcset=\"https:\/\/eutech.com.tr\/wp-content\/uploads\/2023\/05\/Ekipman-Tedarigi-7-thegem-person.jpg 2x\" sizes=\"100vw\" \/><\/span>\t\t\t<\/div>\r\n\t\t\r\n\t\t<div class=\"team-person-info clearfix\">\r\n\r\n\t\t\t\t\t\t\t<div class=\"team-person-name styled-subtitle\" >Equipment Supply<\/div>\t\t\t\r\n\t\t\t\r\n\t\t\t\r\n\t\t\t\r\n\t\t\t\r\n\t\t\t\r\n\t\t<\/div>\r\n\r\n\t\t\t\t\t<a class=\"team-person-link\" href=\"https:\/\/eutech.com.tr\/en\/faaliyet-alanlarimiz\/dogalgaz\/ekipman-tedarigi\/\" target=\"_self\"><\/a>\t\t\r\n\t<\/div>\r\n\r\n<\/div><div class=\"col-md-3 col-sm-6 col-xs-6 w-link thegem-wrap inline-column\">\r\n\r\n\t<div id=\"post-27254\" class=\"team-person bordered-box  post-27254 thegem_team_person type-thegem_team_person status-publish has-post-thumbnail\" >\r\n\r\n\t\t\t\t\t<div class=\"team-person-image\">\r\n\t\t\t\t<span><img decoding=\"async\" width=\"160\" height=\"160\" src=\"https:\/\/eutech.com.tr\/wp-content\/uploads\/2023\/05\/LNG-Cozumleri-2-thegem-person-160.jpg\" class=\"img-responsive wp-post-image\" alt=\"LNG-Cozumleri-2\" srcset=\"https:\/\/eutech.com.tr\/wp-content\/uploads\/2023\/05\/LNG-Cozumleri-2-thegem-person.jpg 2x\" sizes=\"100vw\" \/><\/span>\t\t\t<\/div>\r\n\t\t\r\n\t\t<div class=\"team-person-info clearfix\">\r\n\r\n\t\t\t\t\t\t\t<div class=\"team-person-name styled-subtitle\" >LNG Solutions<\/div>\t\t\t\r\n\t\t\t\r\n\t\t\t\r\n\t\t\t\r\n\t\t\t\r\n\t\t\t\r\n\t\t<\/div>\r\n\r\n\t\t\t\t\t<a class=\"team-person-link\" href=\"https:\/\/eutech.com.tr\/en\/faaliyet-alanlarimiz\/dogalgaz\/lng-cozumleri\/\" target=\"_self\"><\/a>\t\t\r\n\t<\/div>\r\n\r\n<\/div><div class=\"col-md-3 col-sm-6 col-xs-6 w-link thegem-wrap inline-column\">\r\n\r\n\t<div id=\"post-27255\" class=\"team-person bordered-box  post-27255 thegem_team_person type-thegem_team_person status-publish has-post-thumbnail\" >\r\n\r\n\t\t\t\t\t<div class=\"team-person-image\">\r\n\t\t\t\t<span><img decoding=\"async\" width=\"160\" height=\"160\" src=\"https:\/\/eutech.com.tr\/wp-content\/uploads\/2023\/05\/LPG-Cozumleri-1-thegem-person-160.jpg\" class=\"img-responsive wp-post-image\" alt=\"LPG-Cozumleri-1\" srcset=\"https:\/\/eutech.com.tr\/wp-content\/uploads\/2023\/05\/LPG-Cozumleri-1-thegem-person.jpg 2x\" sizes=\"100vw\" \/><\/span>\t\t\t<\/div>\r\n\t\t\r\n\t\t<div class=\"team-person-info clearfix\">\r\n\r\n\t\t\t\t\t\t\t<div class=\"team-person-name styled-subtitle\" >LNG Solutions<\/div>\t\t\t\r\n\t\t\t\r\n\t\t\t\r\n\t\t\t\r\n\t\t\t\r\n\t\t\t\r\n\t\t<\/div>\r\n\r\n\t\t\t\t\t<a class=\"team-person-link\" href=\"https:\/\/eutech.com.tr\/en\/faaliyet-alanlarimiz\/dogalgaz\/lpg-cozumleri\/\" target=\"_self\"><\/a>\t\t\r\n\t<\/div>\r\n\r\n<\/div>\r\n\t\t\t<\/div>\r\n\r\n\t\t\t\t<\/div>\n\t\t\t\t<\/div>\n\t\t\t\t\t\t<\/div>\n\t\t\t\t\t<\/div>\n\t\t<\/div>\n\t\t\t\t\t\t\t\t<\/div>\n\t\t\t\t\t<\/div>\n\t\t<\/section>\n\t\t\t\t\t\t\t\t\t<\/div>\n\t\t\t<\/div>\n\t\t\t\t\t<\/div>","protected":false},"excerpt":{"rendered":"<p>profosyonel ekibimiz ile anahtar teslim \u00e7\u00f6z\u00fcmler Eutech, konusunda uzman ve dinamik ekibiyle ihtiyaca y\u00f6nelik anahtar teslim \u00e7\u00f6z\u00fcmler sunar. Projelendirme a\u015famas\u0131ndan&#8230;<\/p>","protected":false},"author":1,"featured_media":0,"parent":24896,"menu_order":0,"comment_status":"closed","ping_status":"closed","template":"","meta":{"om_disable_all_campaigns":false},"aioseo_notices":[],"yoast_head":"<!-- This site is optimized with the Yoast SEO plugin v20.7 - https:\/\/yoast.com\/wordpress\/plugins\/seo\/ -->\n<title>Do\u011falgaz - Eutech<\/title>\n<meta name=\"robots\" content=\"index, follow, max-snippet:-1, max-image-preview:large, max-video-preview:-1\" \/>\n<link rel=\"canonical\" href=\"https:\/\/eutech.com.tr\/en\/faaliyet-alanlarimiz\/dogalgaz\/\" \/>\n<meta property=\"og:locale\" content=\"en_GB\" \/>\n<meta property=\"og:type\" content=\"article\" \/>\n<meta property=\"og:title\" content=\"Do\u011falgaz - Eutech\" \/>\n<meta property=\"og:description\" content=\"profosyonel ekibimiz ile anahtar teslim \u00e7\u00f6z\u00fcmler Eutech, konusunda uzman ve dinamik ekibiyle ihtiyaca y\u00f6nelik anahtar teslim \u00e7\u00f6z\u00fcmler sunar. Projelendirme a\u015famas\u0131ndan...\" \/>\n<meta property=\"og:url\" content=\"https:\/\/eutech.com.tr\/en\/faaliyet-alanlarimiz\/dogalgaz\/\" \/>\n<meta property=\"og:site_name\" content=\"Eutech\" \/>\n<meta property=\"article:modified_time\" content=\"2023-05-08T12:12:24+00:00\" \/>\n<meta property=\"og:image\" content=\"https:\/\/eutech.com.tr\/wp-content\/uploads\/2023\/04\/rmsa2-7-1-thegem-person-160.jpg\" \/>\n<meta name=\"twitter:card\" content=\"summary_large_image\" \/>\n<meta name=\"twitter:label1\" content=\"Est. reading time\" \/>\n\t<meta name=\"twitter:data1\" content=\"1 minute\" \/>\n<script type=\"application\/ld+json\" class=\"yoast-schema-graph\">{\"@context\":\"https:\/\/schema.org\",\"@graph\":[{\"@type\":\"WebPage\",\"@id\":\"https:\/\/eutech.com.tr\/faaliyet-alanlarimiz\/dogalgaz\/\",\"url\":\"https:\/\/eutech.com.tr\/faaliyet-alanlarimiz\/dogalgaz\/\",\"name\":\"Do\u011falgaz - Eutech\",\"isPartOf\":{\"@id\":\"https:\/\/eutech.com.tr\/#website\"},\"datePublished\":\"2020-02-09T19:49:31+00:00\",\"dateModified\":\"2023-05-08T12:12:24+00:00\",\"breadcrumb\":{\"@id\":\"https:\/\/eutech.com.tr\/faaliyet-alanlarimiz\/dogalgaz\/#breadcrumb\"},\"inLanguage\":\"en-GB\",\"potentialAction\":[{\"@type\":\"ReadAction\",\"target\":[\"https:\/\/eutech.com.tr\/faaliyet-alanlarimiz\/dogalgaz\/\"]}]},{\"@type\":\"BreadcrumbList\",\"@id\":\"https:\/\/eutech.com.tr\/faaliyet-alanlarimiz\/dogalgaz\/#breadcrumb\",\"itemListElement\":[{\"@type\":\"ListItem\",\"position\":1,\"name\":\"Home\",\"item\":\"https:\/\/eutech.com.tr\/\"},{\"@type\":\"ListItem\",\"position\":2,\"name\":\"Faaliyet Alanlar\u0131m\u0131z\",\"item\":\"https:\/\/eutech.com.tr\/faaliyet-alanlarimiz\/\"},{\"@type\":\"ListItem\",\"position\":3,\"name\":\"Do\u011falgaz\"}]},{\"@type\":\"WebSite\",\"@id\":\"https:\/\/eutech.com.tr\/#website\",\"url\":\"https:\/\/eutech.com.tr\/\",\"name\":\"Eutech\",\"description\":\"Intelligent Future\",\"publisher\":{\"@id\":\"https:\/\/eutech.com.tr\/#organization\"},\"potentialAction\":[{\"@type\":\"SearchAction\",\"target\":{\"@type\":\"EntryPoint\",\"urlTemplate\":\"https:\/\/eutech.com.tr\/?s={search_term_string}\"},\"query-input\":\"required name=search_term_string\"}],\"inLanguage\":\"en-GB\"},{\"@type\":\"Organization\",\"@id\":\"https:\/\/eutech.com.tr\/#organization\",\"name\":\"Eutech\",\"url\":\"https:\/\/eutech.com.tr\/\",\"logo\":{\"@type\":\"ImageObject\",\"inLanguage\":\"en-GB\",\"@id\":\"https:\/\/eutech.com.tr\/#\/schema\/logo\/image\/\",\"url\":\"https:\/\/eutech.com.tr\/wp-content\/uploads\/2023\/04\/eutech-logo.png\",\"contentUrl\":\"https:\/\/eutech.com.tr\/wp-content\/uploads\/2023\/04\/eutech-logo.png\",\"width\":328,\"height\":125,\"caption\":\"Eutech\"},\"image\":{\"@id\":\"https:\/\/eutech.com.tr\/#\/schema\/logo\/image\/\"},\"sameAs\":[\"https:\/\/www.instagram.com\/eutech.com.tr\/\",\"https:\/\/www.linkedin.com\/company\/eutech-intelligent-future\/\"]}]}<\/script>\n<!-- \/ Yoast SEO plugin. -->","yoast_head_json":{"title":"Do\u011falgaz - Eutech","robots":{"index":"index","follow":"follow","max-snippet":"max-snippet:-1","max-image-preview":"max-image-preview:large","max-video-preview":"max-video-preview:-1"},"canonical":"https:\/\/eutech.com.tr\/en\/faaliyet-alanlarimiz\/dogalgaz\/","og_locale":"en_GB","og_type":"article","og_title":"Do\u011falgaz - Eutech","og_description":"profosyonel ekibimiz ile anahtar teslim \u00e7\u00f6z\u00fcmler Eutech, konusunda uzman ve dinamik ekibiyle ihtiyaca y\u00f6nelik anahtar teslim \u00e7\u00f6z\u00fcmler sunar. Projelendirme a\u015famas\u0131ndan...","og_url":"https:\/\/eutech.com.tr\/en\/faaliyet-alanlarimiz\/dogalgaz\/","og_site_name":"Eutech","article_modified_time":"2023-05-08T12:12:24+00:00","og_image":[{"url":"https:\/\/eutech.com.tr\/wp-content\/uploads\/2023\/04\/rmsa2-7-1-thegem-person-160.jpg"}],"twitter_card":"summary_large_image","twitter_misc":{"Est. reading time":"1 minute"},"schema":{"@context":"https:\/\/schema.org","@graph":[{"@type":"WebPage","@id":"https:\/\/eutech.com.tr\/faaliyet-alanlarimiz\/dogalgaz\/","url":"https:\/\/eutech.com.tr\/faaliyet-alanlarimiz\/dogalgaz\/","name":"Do\u011falgaz - Eutech","isPartOf":{"@id":"https:\/\/eutech.com.tr\/#website"},"datePublished":"2020-02-09T19:49:31+00:00","dateModified":"2023-05-08T12:12:24+00:00","breadcrumb":{"@id":"https:\/\/eutech.com.tr\/faaliyet-alanlarimiz\/dogalgaz\/#breadcrumb"},"inLanguage":"en-GB","potentialAction":[{"@type":"ReadAction","target":["https:\/\/eutech.com.tr\/faaliyet-alanlarimiz\/dogalgaz\/"]}]},{"@type":"BreadcrumbList","@id":"https:\/\/eutech.com.tr\/faaliyet-alanlarimiz\/dogalgaz\/#breadcrumb","itemListElement":[{"@type":"ListItem","position":1,"name":"Home","item":"https:\/\/eutech.com.tr\/"},{"@type":"ListItem","position":2,"name":"Faaliyet Alanlar\u0131m\u0131z","item":"https:\/\/eutech.com.tr\/faaliyet-alanlarimiz\/"},{"@type":"ListItem","position":3,"name":"Do\u011falgaz"}]},{"@type":"WebSite","@id":"https:\/\/eutech.com.tr\/#website","url":"https:\/\/eutech.com.tr\/","name":"Eutech","description":"Intelligent Future","publisher":{"@id":"https:\/\/eutech.com.tr\/#organization"},"potentialAction":[{"@type":"SearchAction","target":{"@type":"EntryPoint","urlTemplate":"https:\/\/eutech.com.tr\/?s={search_term_string}"},"query-input":"required name=search_term_string"}],"inLanguage":"en-GB"},{"@type":"Organization","@id":"https:\/\/eutech.com.tr\/#organization","name":"Eutech","url":"https:\/\/eutech.com.tr\/","logo":{"@type":"ImageObject","inLanguage":"en-GB","@id":"https:\/\/eutech.com.tr\/#\/schema\/logo\/image\/","url":"https:\/\/eutech.com.tr\/wp-content\/uploads\/2023\/04\/eutech-logo.png","contentUrl":"https:\/\/eutech.com.tr\/wp-content\/uploads\/2023\/04\/eutech-logo.png","width":328,"height":125,"caption":"Eutech"},"image":{"@id":"https:\/\/eutech.com.tr\/#\/schema\/logo\/image\/"},"sameAs":["https:\/\/www.instagram.com\/eutech.com.tr\/","https:\/\/www.linkedin.com\/company\/eutech-intelligent-future\/"]}]}},"_links":{"self":[{"href":"https:\/\/eutech.com.tr\/en\/wp-json\/wp\/v2\/pages\/24153"}],"collection":[{"href":"https:\/\/eutech.com.tr\/en\/wp-json\/wp\/v2\/pages"}],"about":[{"href":"https:\/\/eutech.com.tr\/en\/wp-json\/wp\/v2\/types\/page"}],"author":[{"embeddable":true,"href":"https:\/\/eutech.com.tr\/en\/wp-json\/wp\/v2\/users\/1"}],"replies":[{"embeddable":true,"href":"https:\/\/eutech.com.tr\/en\/wp-json\/wp\/v2\/comments?post=24153"}],"version-history":[{"count":0,"href":"https:\/\/eutech.com.tr\/en\/wp-json\/wp\/v2\/pages\/24153\/revisions"}],"up":[{"embeddable":true,"href":"https:\/\/eutech.com.tr\/en\/wp-json\/wp\/v2\/pages\/24896"}],"wp:attachment":[{"href":"https:\/\/eutech.com.tr\/en\/wp-json\/wp\/v2\/media?parent=24153"}],"curies":[{"name":"wp","href":"https:\/\/api.w.org\/{rel}","templated":true}]}}